{"id":107,"date":"2025-01-29T01:20:13","date_gmt":"2025-01-29T01:20:13","guid":{"rendered":"https:\/\/cornerstone-church.us23.cdn-alpha.com\/our-story\/what-we-believe\/"},"modified":"2025-04-14T16:55:59","modified_gmt":"2025-04-14T16:55:59","slug":"en-que-creemos","status":"publish","type":"page","link":"https:\/\/cornerstonechristiandallas.com\/es\/historia-de-la-piedra-angular\/en-que-creemos\/","title":{"rendered":"En qu\u00e9 creemos"},"content":{"rendered":"<section class=\"bde-section-107-100 bde-section\">\n  \n  \n\t\n\n\n\n<div class=\"section-container\"><div class=\"bde-image-107-101 bde-image\">\n<figure class=\"breakdance-image breakdance-image--70\">\n\t<div class=\"breakdance-image-container\">\n\t\t<div class=\"breakdance-image-clip\"><img loading=\"lazy\" decoding=\"async\" class=\"breakdance-image-object\" src=\"https:\/\/cornerstone-church.us23.cdn-alpha.com\/wp-content\/uploads\/2025\/01\/7brnqevb6zg.jpg\" width=\"1600\" height=\"900\" srcset=\"https:\/\/cornerstone-church.us23.cdn-alpha.com\/wp-content\/uploads\/2025\/01\/7brnqevb6zg.jpg 1600w, https:\/\/cornerstone-church.us23.cdn-alpha.com\/wp-content\/uploads\/2025\/01\/7brnqevb6zg-300x169.jpg 300w, https:\/\/cornerstone-church.us23.cdn-alpha.com\/wp-content\/uploads\/2025\/01\/7brnqevb6zg-1024x576.jpg 1024w, https:\/\/cornerstone-church.us23.cdn-alpha.com\/wp-content\/uploads\/2025\/01\/7brnqevb6zg-768x432.jpg 768w, https:\/\/cornerstone-church.us23.cdn-alpha.com\/wp-content\/uploads\/2025\/01\/7brnqevb6zg-1536x864.jpg 1536w\" sizes=\"auto, (max-width: 1600px) 100vw, 1600px\" alt=\"mujer con camisa de cuadros rojos, blancos y azules fumando un cigarrillo\"><\/div>\n\t<\/div><\/figure>\n\n<\/div><\/div>\n<\/section><section class=\"bde-section-107-102 bde-section\">\n  \n  \n\t\n\n\n\n<div class=\"section-container\"><div class=\"bde-div-107-103 bde-div\">\n  \n  \n\t\n\n\n\n<h2 class=\"bde-heading-107-104 bde-heading\">\nDeclaraci\u00f3n de fe \/ Nuestras creencias\n<\/h2>\n<\/div><\/div>\n<\/section><section class=\"bde-section-107-105 bde-section\">\n  \n  \n\t\n\n\n\n<div class=\"section-container\"><div class=\"bde-text-107-106 bde-text\">\n\n<\/div><div class=\"bde-columns-107-107 bde-columns\"><div class=\"bde-column-107-108 bde-column\">\n  \n  \n\t\n\n\n\n<div class=\"bde-rich-text-107-110 bde-rich-text breakdance-rich-text-styles\">\n<p><i><span class=\"s3\">Las doctrinas que sustentan estas declaraciones son ricas y contienen profundidad que se extiende m\u00e1s all\u00e1 de estas declaraciones. Este es un comentario superficial sobre lo que sostenemos como reflejo de las Escrituras. Si usted tiene preguntas acerca de cualquiera de estos temas doctrinales u otros, nuestros pastores o ancianos estar\u00e1n encantados de hablar con usted para ayudarle a entender lo que creemos que la Biblia ense\u00f1a sobre estos temas.\u00a0<\/span><span class=\"s3\">temas.<\/span><\/i><\/p><p><span class=\"s4\"><strong>La Biblia<\/strong><br \/><\/span><span class=\"s3\">Creemos que las Escrituras del Antiguo y del Nuevo Testamento son la Palabra de Dios inspirada, infalible y autorizada, y la fuente suprema de verdad para las creencias y la vida cristianas. <br \/><\/span><span class=\"s3\">(Sal. 119:105; Rom. 15:4; 2 Tim. 3:16; 2 Pe. 1:20-21)<\/span><\/p><p><strong><span class=\"s4\">La naturaleza trina de Dios<br \/><\/span><\/strong><span class=\"s3\">Creemos en un solo Dios, eternamente existente en tres Personas: El Padre, el Hijo y el Esp\u00edritu Santo.<br \/><\/span><span class=\"s3\">(Gn. 1:26; Dt. 6:4; 2 Co. 13:14)<br \/><br \/><\/span><span class=\"s4\"><strong>Persona y obra de Jes\u00fas<\/strong><br \/><\/span><span class=\"s3\">Creemos que Jesucristo es el Hijo de Dios, engendrado del Esp\u00edritu Santo y nacido de la virgen Mar\u00eda y es verdadero Dios y verdadero hombre. Jes\u00fas vivi\u00f3 una vida sin pecado y se ofreci\u00f3 en la cruz en nuestro lugar logrando la redenci\u00f3n para todos los que ponen su fe en \u00c9l. Resucit\u00f3 de entre los muertos tres d\u00edas despu\u00e9s y ascendi\u00f3 a los cielos, donde, a la diestra del Padre, es ahora Cabeza de su Cuerpo, la Iglesia, nuestro Salvador y Mediador entre Dios y los hombres, y regresar\u00e1 a la tierra con poder y gloria para consumar su misi\u00f3n redentora.<br \/><\/span><span class=\"s3\">(Isa\u00edas 9:6, 53:5-6; Mateo 1:18; Juan 1:1, 14, 18; Hechos 1:9-11; Rom. 1:3-4; 1 Cor. 15:3-4; Fil. 2:5-8; 1 Tim. 6:14-16; Tito 2:13; Heb. 4:14-15)<\/span><\/p><p><span class=\"s4\"><strong>Persona y obra del Esp\u00edritu Santo<\/strong><br \/><\/span><span class=\"s3\">Creemos que el Esp\u00edritu Santo es igual a Dios Padre y a Dios Hijo. Fue enviado por el Padre como prometi\u00f3 para convencer al mundo de pecado, glorificar al Se\u00f1or Jes\u00fas y transformar las vidas de los creyentes a semejanza de Cristo. \u00c9l proporciona al cristiano el poder para vivir, la comprensi\u00f3n de la verdad espiritual y la gu\u00eda para hacer la voluntad de Dios. Como cristianos, buscamos vivir bajo Su control diariamente.<br \/><\/span><span class=\"s3\">(Juan, 14:16-17, 16:7-13; Hechos 1:8; 1 Cor. 2:12, 3:16; 2 Cor. 3:17; Gal. 5:25; Ef. 1:13)<\/span><\/p><p><strong><span class=\"s4\">Humanidad<br \/><\/span><\/strong><span class=\"s3\">Creemos que Dios cre\u00f3 a la humanidad -hombre y mujer- a Su imagen y semejanza, libre de pecado, para glorificarse a S\u00ed mismo y disfrutar de Su comuni\u00f3n. Tentado por Satan\u00e1s, pero en el plan soberano de Dios, el hombre eligi\u00f3 libremente desobedecer a Dios, trayendo el pecado, la muerte y la condenaci\u00f3n a toda la humanidad. Todos los seres humanos, por lo tanto, est\u00e1n alienados de Dios sin\u00a0<\/span><span class=\"s3\">defensa o excusa, y sujeta a la justa ira de Dios, toda la humanidad necesita desesperadamente al Salvador.<br \/><\/span><span class=\"s3\">(G\u00e9n. 3:1-6; Rom. 1:18, 32, 3:10, 23, 5:12)<\/span><\/p><p><strong><span class=\"s4\">Salvaci\u00f3n<br \/><\/span><\/strong><span class=\"s3\">Creemos que el Se\u00f1or Jesucristo muri\u00f3 por nuestros pecados de acuerdo con las Escrituras como representante y sustituto.<\/span><span class=\"s3\">ut<\/span><span class=\"s3\">La vida eterna comienza en el momento en que uno recibe a Jesucristo en su vida por fe. La vida eterna comienza en el momento en que uno recibe a Jesucristo en su vida por la fe.<br \/><\/span><span class=\"s3\">(Juan 1:12, 14:6; Rom. 5:1, 6:23, 8:37-39; 1 Cor. 12:13; 2 Cor. 5:21; Gal. 3:26; Ef. 2:8-9; Tito 3:5)<\/span><\/p><p><strong><span class=\"s4\">Bautismo<br \/><\/span><\/strong><span class=\"s3\">Creemos en el \"bautismo del creyente\". Es decir, el bautismo por inmersi\u00f3n es una decisi\u00f3n consciente tomada por alguien que ya ha confiado en Cristo como su Salvador personal.<br \/><\/span><span class=\"s3\">(Hechos 8:12)<\/span><\/p><p><strong><span class=\"s4\">Comuni\u00f3n<br \/><\/span><\/strong><span class=\"s3\">Creemos que la Cena del Se\u00f1or es la conmemoraci\u00f3n unida por parte de los creyentes de la muerte de Cristo hasta que \u00c9l venga y debe ir precedida de un cuidadoso autoexamen.<br \/><\/span><span class=\"s3\">(1 Cor. 11:20-29)<\/span><\/p><p><strong><span class=\"s4\">Seguridad eterna<br \/><\/span><\/strong><span class=\"s3\">Creemos que todos los que reciben por la fe al Se\u00f1or Jesucristo nacen del Esp\u00edritu Santo y se convierten as\u00ed en hijos de Dios, una relaci\u00f3n en la que est\u00e1n eternamente seguros.<br \/><\/span><span class=\"s3\">(Juan 10:27-30; Hechos 16:30-31; Rom. 8:31-39; Ef. 2:8-9, 4:30)<\/span><\/p><p><strong><span class=\"s4\">La pr\u00f3xima resurrecci\u00f3n<br \/><\/span><\/strong><span class=\"s3\">Creemos en la resurrecci\u00f3n corporal de los justos y de los\u00a0<\/span><span class=\"s3\">injusto;<\/span><span class=\"s3\">\u00a0la bienaventuranza eterna de los salvados, y el castigo consciente eterno de los perdidos junto con Satan\u00e1s y los dem\u00e1s \u00e1ngeles ca\u00eddos.<br \/><\/span><span class=\"s3\">(Hechos 1:3, 9; Hebreos 7:25-26)<\/span><\/p><p><strong><span class=\"s4\">El inminente regreso de Jes\u00fas<br \/><\/span><\/strong><span class=\"s3\">Creemos en \"esa bendita esperanza\", el regreso personal e inminente de nuestro Se\u00f1or y Salvador, Jesucristo.<br \/><\/span><span class=\"s3\">(1 Tes. 4:13-18)<\/span><\/p><p><strong><span class=\"s4\">La Iglesia<br \/><\/span><\/strong><span class=\"s3\">Creemos que al depositar la fe en el Se\u00f1or Jesucristo como Salvador, el creyente pasa a formar parte del Cuerpo de Cristo, la \u00fanica Iglesia universal, de la que Jesucristo es la Cabeza.  Las Escrituras ordenan que los creyentes se re\u00fanan localmente para dedicarse a la adoraci\u00f3n, la oraci\u00f3n, la ense\u00f1anza de la Palabra, la comuni\u00f3n, las ordenanzas del bautismo y la comuni\u00f3n, el servicio al cuerpo local mediante el desarrollo y el uso de talentos y dones espirituales, y la extensi\u00f3n al mundo para hacer disc\u00edpulos. Dondequiera que el pueblo de Dios se re\u00fana regularmente en obediencia a este mandamiento, all\u00ed est\u00e1 la expresi\u00f3n local de la Iglesia bajo el cuidado vigilante de los ancianos. Los miembros de una iglesia deben trabajar juntos en amor y unidad, con el prop\u00f3sito final de glorificar a Cristo.<br \/><\/span><span class=\"s3\">(Mt. 28:18-20; Hch. 2:42-46; 1 Co. 14:26; Ef. 1:22-23, 4:16; Tito 1:5)<\/span><\/p>\n<\/div>\n<\/div><\/div><\/div>\n<\/section>","protected":false},"excerpt":{"rendered":"<p>Declaraci\u00f3n de Fe \/ Lo que Creemos Las doctrinas que sustentan estas declaraciones son ricas y contienen profundidad que se extiende m\u00e1s all\u00e1 de estas declaraciones. Este es un comentario superficial sobre lo que sostenemos como reflejo de las escrituras. Si usted tiene preguntas acerca de cualquiera de estos temas doctrinales u otros, nuestros pastores o ancianos estar\u00edan [...]<\/p>","protected":false},"author":1,"featured_media":0,"parent":105,"menu_order":0,"comment_status":"closed","ping_status":"closed","template":"","meta":{"_piecal_is_recurring":false,"_piecal_recurring_interval":1,"_piecal_recurring_frequency":"","_piecal_recurring_exact_position":false,"_piecal_recurring_end":"","_piecal_color":"","_piecal_text_color":"","_piecal_global_color_master":false,"_piecal_rsets":"[]","_piecal_is_event":false,"_piecal_start_date":"","_piecal_end_date":"","_piecal_is_allday":false,"_breakdance_hide_in_design_set":false,"_breakdance_tags":"","footnotes":""},"class_list":["post-107","page","type-page","status-publish","hentry"],"meta_box":[],"_links":{"self":[{"href":"https:\/\/cornerstonechristiandallas.com\/es\/wp-json\/wp\/v2\/pages\/107","targetHints":{"allow":["GET"]}}],"collection":[{"href":"https:\/\/cornerstonechristiandallas.com\/es\/wp-json\/wp\/v2\/pages"}],"about":[{"href":"https:\/\/cornerstonechristiandallas.com\/es\/wp-json\/wp\/v2\/types\/page"}],"author":[{"embeddable":true,"href":"https:\/\/cornerstonechristiandallas.com\/es\/wp-json\/wp\/v2\/users\/1"}],"replies":[{"embeddable":true,"href":"https:\/\/cornerstonechristiandallas.com\/es\/wp-json\/wp\/v2\/comments?post=107"}],"version-history":[{"count":6,"href":"https:\/\/cornerstonechristiandallas.com\/es\/wp-json\/wp\/v2\/pages\/107\/revisions"}],"predecessor-version":[{"id":492,"href":"https:\/\/cornerstonechristiandallas.com\/es\/wp-json\/wp\/v2\/pages\/107\/revisions\/492"}],"up":[{"embeddable":true,"href":"https:\/\/cornerstonechristiandallas.com\/es\/wp-json\/wp\/v2\/pages\/105"}],"wp:attachment":[{"href":"https:\/\/cornerstonechristiandallas.com\/es\/wp-json\/wp\/v2\/media?parent=107"}],"curies":[{"name":"wp","href":"https:\/\/api.w.org\/{rel}","templated":true}]}}