{"id":108,"date":"2025-01-29T01:20:13","date_gmt":"2025-01-29T01:20:13","guid":{"rendered":"https:\/\/cornerstone-church.us23.cdn-alpha.com\/ministires\/"},"modified":"2025-02-24T14:22:17","modified_gmt":"2025-02-24T14:22:17","slug":"ministerios","status":"publish","type":"page","link":"https:\/\/cornerstonechristiandallas.com\/es\/ministerios\/","title":{"rendered":"Ministerios"},"content":{"rendered":"<section class=\"bde-section-108-100 bde-section\">\n  \n  \n\t\n\n\n\n<div class=\"section-container\"><div class=\"bde-image-108-101 bde-image\">\n<figure class=\"breakdance-image breakdance-image--57\">\n\t<div class=\"breakdance-image-container\">\n\t\t<div class=\"breakdance-image-clip\"><img loading=\"lazy\" decoding=\"async\" class=\"breakdance-image-object\" src=\"https:\/\/cornerstone-church.us23.cdn-alpha.com\/wp-content\/uploads\/2025\/01\/dgxogexaxm8.jpg\" width=\"1600\" height=\"1067\" srcset=\"https:\/\/cornerstone-church.us23.cdn-alpha.com\/wp-content\/uploads\/2025\/01\/dgxogexaxm8.jpg 1600w, https:\/\/cornerstone-church.us23.cdn-alpha.com\/wp-content\/uploads\/2025\/01\/dgxogexaxm8-300x200.jpg 300w, https:\/\/cornerstone-church.us23.cdn-alpha.com\/wp-content\/uploads\/2025\/01\/dgxogexaxm8-1024x683.jpg 1024w, https:\/\/cornerstone-church.us23.cdn-alpha.com\/wp-content\/uploads\/2025\/01\/dgxogexaxm8-768x512.jpg 768w, https:\/\/cornerstone-church.us23.cdn-alpha.com\/wp-content\/uploads\/2025\/01\/dgxogexaxm8-1536x1024.jpg 1536w\" sizes=\"auto, (max-width: 1600px) 100vw, 1600px\" alt=\"mujer leyendo un libro\"><\/div>\n\t<\/div><\/figure>\n\n<\/div><\/div>\n<\/section><section class=\"bde-section-108-102 bde-section\">\n  \n  \n\t\n\n\n\n<div class=\"section-container\"><div class=\"bde-div-108-103 bde-div\">\n  \n  \n\t\n\n\n\n<h2 class=\"bde-heading-108-104 bde-heading\">\nMinisterios\n<\/h2>\n<\/div><\/div>\n<\/section><section class=\"bde-section-108-108 bde-section\">\n  \n  \n\t\n\n\n\n<div class=\"section-container\"><div class=\"bde-post-loop-108-109 bde-post-loop\"><div class=\"bde-loop bde-loop-grid ee-posts ee-posts-grid\">    <article class=\"bde-loop-item ee-post\">\n        <div class=\"bde-div-349-100-337-349-1 bde-div bde-div-349-100\">\n  \n  \n\t\n\n\n\n<h3 class=\"bde-heading-349-101-337-349-1 bde-heading bde-heading-349-101\">\nPreescolar y Ministerio de la Infancia\n<\/h3><div class=\"bde-text-349-103-337-349-1 bde-text bde-text-349-103\">\n<p>\u00a1Ponemos un gran \u00e9nfasis en nuestros ni\u00f1os!  Mientras que la guarder\u00eda est\u00e1 disponible durante la Escuela Dominical y todos los eventos del domingo por la ma\u00f1ana, nuestro objetivo para los ni\u00f1os de primaria, de Preescolar a 5\u00ba grado, es ofrecer clases apropiadas de Escuela Dominical con un plan de estudios y un ambiente enriquecedor mientras aprenden acerca de Dios para que puedan ser capaces de recibir a Jesucristo como su salvador. El mundo es un lugar oscuro y trabajamos duro para darles la mejor base b\u00edblica y lecciones interesantes enriquecidas con material multimedia. <\/p>\n<p>Despu\u00e9s de la clase de la Escuela Dominical, vuelven a reunirse con sus familias para adorar juntos en el servicio dominical regular, donde pueden disfrutar de la oportunidad de adorar y participar en la ofrenda y la comuni\u00f3n como una familia.<br \/>\nDespu\u00e9s de la meditaci\u00f3n de la ofrenda y de compartir la Comuni\u00f3n en el servicio, los ni\u00f1os de 5\u00ba grado en adelante salen del Santuario para aprender una lecci\u00f3n adecuada a su edad. Las clases de los ni\u00f1os est\u00e1n todas ubicadas pasando el Coffee Bar, junto a los ba\u00f1os. <\/p>\n<p>El verano ofrece una experiencia de Escuela B\u00edblica de Vacaciones divertida y gratificante para nuestros ni\u00f1os y familias.<\/p>\n<p>Se ruega a los padres que recojan a sus hijos en las aulas una vez finalizado el servicio.<\/p>\n\n<\/div>\n<\/div>    <\/article>\n    <article class=\"bde-loop-item ee-post\">\n        <div class=\"bde-div-349-100-338-349-1 bde-div bde-div-349-100\">\n  \n  \n\t\n\n\n\n<h3 class=\"bde-heading-349-101-338-349-1 bde-heading bde-heading-349-101\">\nMinisterio de la Juventud\n<\/h3><div class=\"bde-text-349-103-338-349-1 bde-text bde-text-349-103\">\n<p>En Cornerstone Christian Church, nuestros estudiantes post-elementales est\u00e1n aprendiendo y desarrollando relaciones cada vez m\u00e1s profundas con su Creador y Salvador a trav\u00e9s de clases multigeneracionales de Escuela Dominical, ya que se anima a los adolescentes a elegir una de las lecciones de estudio de la Biblia de la Escuela Dominical, al igual que sus padres y ancianos. Luego asisten y experimentan el culto y los sermones del servicio de la iglesia. <\/p>\n<p>Tenemos el Domingo de la Juventud que anima e incorpora a nuestros j\u00f3venes en los servicios dominicales donde aprenden a compartir su fe a trav\u00e9s del liderazgo y el testimonio.  Otros eventos y actividades se llevan a cabo durante todo el a\u00f1o que involucran a los j\u00f3venes y sus habilidades, incluyendo la Escuela B\u00edblica de Vacaciones y seminarios especiales para el aprendizaje de oportunidades de navegaci\u00f3n en la vida.<\/p>\n\n<\/div>\n<\/div>    <\/article>\n    <article class=\"bde-loop-item ee-post\">\n        <div class=\"bde-div-349-100-339-349-1 bde-div bde-div-349-100\">\n  \n  \n\t\n\n\n\n<h3 class=\"bde-heading-349-101-339-349-1 bde-heading bde-heading-349-101\">\nMinisterio de Hombres\n<\/h3><div class=\"bde-text-349-103-339-349-1 bde-text bde-text-349-103\">\n<p>Nuestro prop\u00f3sito en el Ministerio de Hombres es fortalecer a los hombres en su caminar con Jesucristo.  Tenemos un Grupo de Estudio B\u00edblico para hombres llamado Banda de Hermanos, que se re\u00fane todos los martes por la ma\u00f1ana en una reuni\u00f3n de Zoom a las 6:30 am.  Este es un grupo de hombres que se animan unos a otros a trav\u00e9s de la oraci\u00f3n y el estudio de la Palabra de Dios juntos.  <\/p>\n<p>El Desayuno de Compa\u00f1erismo de Estudio B\u00edblico de Hombres generalmente se re\u00fane el tercer s\u00e1bado de cada mes de 8:30 a 10:30 en el Sal\u00f3n de Compa\u00f1erismo, donde tenemos compa\u00f1erismo durante el desayuno y usualmente vemos y discutimos un video corto de tema (alrededor de 20 minutos).  Tambien tenemos retiros periodicos en los cuales los hombres pueden alejarse de sus ocupadas agendas y aprender y aplicar la palabra de Dios en sus vidas.<\/p>\n\n<\/div>\n<\/div>    <\/article>\n    <article class=\"bde-loop-item ee-post\">\n        <div class=\"bde-div-349-100-340-349-1 bde-div bde-div-349-100\">\n  \n  \n\t\n\n\n\n<h3 class=\"bde-heading-349-101-340-349-1 bde-heading bde-heading-349-101\">\nMinisterio de la Mujer\n<\/h3><div class=\"bde-text-349-103-340-349-1 bde-text bde-text-349-103\">\n<p>Nuestro prop\u00f3sito en el Ministerio de la Mujer es servir a nuestras familias, la iglesia y la comunidad por equipar y animar a las mujeres a crecer en la gracia y el conocimiento de Cristo. El Estudio B\u00edblico para Mujeres ofrece la oportunidad de aprender m\u00e1s acerca de la palabra de Dios en un ambiente hogare\u00f1o amistoso, con grupos vespertinos y matutinos que se re\u00fanen cada semana durante el oto\u00f1o y la primavera. Nuestro ministerio In-Reach busca oportunidades para satisfacer las necesidades f\u00edsicas y emocionales de las mujeres en la iglesia, incluyendo comidas, visitando hogares y hospitales, y haciendo llamadas telef\u00f3nicas.  El alcance es tambi\u00e9n una parte importante del Ministerio de la Mujer.  Identificamos y fomentamos la participaci\u00f3n en las necesidades y proyectos de la comunidad, actuando como enlace con la comunidad circundante.  Tambi\u00e9n organizamos eventos especiales para promover un ambiente c\u00e1lido y creativo que fomente el compa\u00f1erismo y el crecimiento espiritual a trav\u00e9s de eventos mensuales, retiros, celebraciones, seminarios, etc.  Todas nuestras actividades est\u00e1n ba\u00f1adas en oraci\u00f3n por nuestras compa\u00f1eras, as\u00ed como por los l\u00edderes de nuestra iglesia y otros miembros.  \u00a1Nos encantar\u00eda que te unieras a nosotras!<\/p>\n\n<\/div>\n<\/div>    <\/article>\n    <article class=\"bde-loop-item ee-post\">\n        <div class=\"bde-div-349-100-341-349-1 bde-div bde-div-349-100\">\n  \n  \n\t\n\n\n\n<h3 class=\"bde-heading-349-101-341-349-1 bde-heading bde-heading-349-101\">\nMisiones\n<\/h3><div class=\"bde-text-349-103-341-349-1 bde-text bde-text-349-103\">\n<p>Los numerosos proyectos misioneros que Cornerstone apoya a nivel local, nacional e internacional ofrecen a menudo oportunidades de participaci\u00f3n y voluntariado para los miembros de la congregaci\u00f3n y los socios de la comunidad, abarcando una amplia gama de esfuerzos humanitarios y espirituales que sirven a las comunidades necesitadas. A nivel local, Cornerstone colabora con bancos de alimentos, refugios para personas sin hogar y servicios de apoyo a las familias, mientras que a nivel nacional, la organizaci\u00f3n extiende su alcance a trav\u00e9s de equipos de socorro en caso de cat\u00e1strofe, programas de divulgaci\u00f3n en centros urbanos e iniciativas de desarrollo de comunidades rurales en todo el pa\u00eds. En el \u00e1mbito internacional, la labor misionera de Cornerstone abarca asociaciones con organizaciones de pa\u00edses en desarrollo para proporcionar acceso a agua potable, servicios sanitarios y recursos educativos, incluido el patrocinio de orfanatos y escuelas en varios pa\u00edses. Los voluntarios pueden participar en varios niveles de compromiso, desde eventos de servicio de una sola vez a programas semanales regulares o viajes de misi\u00f3n prolongados, con Cornerstone proporcionando formaci\u00f3n y preparaci\u00f3n integral para asegurar que los participantes est\u00e9n equipados con las habilidades necesarias y la comprensi\u00f3n cultural para servir eficazmente en estos diversos contextos, permitiendo a los miembros de la congregaci\u00f3n contribuir significativamente tanto a la ayuda humanitaria inmediata como a los esfuerzos de desarrollo comunitario a largo plazo en todo el mundo.<\/p>\n\n<\/div>\n<\/div>    <\/article>\n    <article class=\"bde-loop-item ee-post\">\n        <div class=\"bde-div-349-100-343-349-1 bde-div bde-div-349-100\">\n  \n  \n\t\n\n\n\n<h3 class=\"bde-heading-349-101-343-349-1 bde-heading bde-heading-349-101\">\nAudiovisuales\/transmisi\u00f3n\n<\/h3><div class=\"bde-text-349-103-343-349-1 bde-text bde-text-349-103\">\n<p>La importancia de crear, transmitir y editar un sonido hermoso para nuestros servicios y eventos es significativa. Si usted tiene o le gustar\u00eda saber m\u00e1s acerca de nuestros ministerios de sonido o de radiodifusi\u00f3n, nos encantar\u00eda saber de usted. <\/p>\n\n<\/div>\n<\/div>    <\/article>\n    <article class=\"bde-loop-item ee-post\">\n        <div class=\"bde-div-349-100-344-349-1 bde-div bde-div-349-100\">\n  \n  \n\t\n\n\n\n<h3 class=\"bde-heading-349-101-344-349-1 bde-heading bde-heading-349-101\">\nMinisterio de Prisiones\n<\/h3><div class=\"bde-text-349-103-344-349-1 bde-text bde-text-349-103\">\n<p>Las Escrituras nos dicen que nos acordemos de los que est\u00e1n en la c\u00e1rcel, y en Cornerstone nos lo hemos tomado muy a pecho.  Participamos en la Coalici\u00f3n de Iglesias en el Ministerio de Prisiones, que ministra a los presos en la zona este de Texas.  Peri\u00f3dicamente visitamos prisiones donde compartimos el evangelio y hacemos un servicio de adoraci\u00f3n con nuestro coro y banda. Nuestro principal proyecto a lo largo del a\u00f1o son las Bolsas \"Regalo de Luz\" que se entregan a miles de presos en Navidad. Todos est\u00e1n invitados a ayudar a decorar estas bolsas durante todo el a\u00f1o que luego se llenan con el regalo de fruta, dulces, art\u00edculos de tocador, y un tratado para cada preso.  Hay muchas oportunidades para que usted sirva, \u00a1simplemente perm\u00edtanos hablarle de ellas!<\/p>\n\n<\/div>\n<\/div>    <\/article>\n    <article class=\"bde-loop-item ee-post\">\n        <div class=\"bde-div-349-100-345-349-1 bde-div bde-div-349-100\">\n  \n  \n\t\n\n\n\n<h3 class=\"bde-heading-349-101-345-349-1 bde-heading bde-heading-349-101\">\nConsejer\u00eda\n<\/h3><div class=\"bde-text-349-103-345-349-1 bde-text bde-text-349-103\">\n<p>\u00bfEst\u00e1 sufriendo? \u00bfTienes problemas de tu pasado que interfieren con tu fe? \u00bfTienes heridas del pasado que te impiden participar en el cuerpo de creyentes? \u00bfEst\u00e1 considerando casarse y quiere trabajar para evitar el divorcio de antemano? \u00bfTienes estr\u00e9s, ansiedad o dolor que se apoderan de tu vida? Tal vez podamos ayudarle.<\/p>\n<p>Nuestro equipo de ministros ha recibido entrenamiento profesional en consejer\u00eda pastoral, y est\u00e1n comprometidos a bendecir a aquellos que est\u00e1n sufriendo y necesitados. Si usted es una mujer que necesita el apoyo de otra mujer de fe, tambi\u00e9n podemos coordinarlo. En situaciones raras o complejas, podemos coordinar el apoyo de profesionales capacitados en salud conductual. Confiamos plenamente en que cualquier respuesta definitiva a los problemas que nos aquejan a todos implicar\u00e1 el poder del Evangelio. Si podemos servirle de este modo, estaremos encantados de hacerlo.<\/p>\n\n<\/div>\n<\/div>    <\/article>\n    <article class=\"bde-loop-item ee-post\">\n        <div class=\"bde-div-349-100-346-349-1 bde-div bde-div-349-100\">\n  \n  \n\t\n\n\n\n<h3 class=\"bde-heading-349-101-346-349-1 bde-heading bde-heading-349-101\">\nMinisterio de Acogida\n<\/h3><div class=\"bde-text-349-103-346-349-1 bde-text bde-text-349-103\">\n\n<p>Ser nuevo en una iglesia puede ser abrumador. Muchas veces encontrar un ba\u00f1o, tomar decisiones sobre c\u00f3mo quiere que sus hijos experimenten la iglesia con usted, d\u00f3nde est\u00e1n las clases y c\u00f3mo se lleva a cabo el servicio puede ser un estr\u00e9s que en Cornerstone creemos que es innecesario para un visitante. Muchas iglesias tienen \"Ministerios de Bienvenida\", pero nosotros hemos decidido organizar en su lugar un \"Ministerio de Bienvenida\". Nuestros Di\u00e1conos y voluntarios se reunir\u00e1n con usted a su entrada y le dar\u00e1n un breve recorrido y se asegurar\u00e1n de que su familia tenga pleno conocimiento de lo que ocurre, d\u00f3nde ocurre y cu\u00e1ndo ocurre. Si desea estar presente tanto para la Escuela Dominical como para el servicio, le animamos a que se presente a las 9:15AM. Si s\u00f3lo tiene disponibilidad para el servicio de adoraci\u00f3n, estaremos encantados de recibirle en cualquier momento que entra por la puerta, pero 10:15AM le dar\u00e1 tiempo suficiente para recibir la gira y estar en su asiento para el servicio de 10:30AM. Esperamos verle pronto.<\/p>\n\n<\/div>\n<\/div>    <\/article>\n    <article class=\"bde-loop-item ee-post\">\n        <div class=\"bde-div-349-100-347-349-1 bde-div bde-div-349-100\">\n  \n  \n\t\n\n\n\n<h3 class=\"bde-heading-349-101-347-349-1 bde-heading bde-heading-349-101\">\nCoro \/ Banda \/ Producci\u00f3n musical\n<\/h3><div class=\"bde-text-349-103-347-349-1 bde-text bde-text-349-103\">\n\n<p>El impacto transformador de la m\u00fasica en el culto es poderoso, y el din\u00e1mico departamento de m\u00fasica de Cornerstone ofrece una programaci\u00f3n musical completa y experiencias de alabanza inspiradoras durante todo el a\u00f1o, as\u00ed como elaboradas cantatas de culto estacionales que celebran el profundo significado de la Pascua y la Navidad a trav\u00e9s de actuaciones emocionalmente resonantes. El dedicado conjunto de vocalistas, instrumentistas y miembros del equipo de producci\u00f3n del departamento trabaja incansablemente para crear experiencias de culto trascendentales que eleven la participaci\u00f3n de la congregaci\u00f3n y profundicen la conexi\u00f3n espiritual, mezclando himnos tradicionales con composiciones contempor\u00e1neas para honrar las diversas preferencias musicales, manteniendo al mismo tiempo la integridad teol\u00f3gica. Desde las melod\u00edas del coro de adultos hasta la participaci\u00f3n entusiasta del equipo de adoraci\u00f3n de los ni\u00f1os, desde la experiencia t\u00e9cnica de los ingenieros de sonido hasta la visi\u00f3n creativa de los l\u00edderes de adoraci\u00f3n, cada componente juega un papel vital en el ministerio musical de Cornerstone, que sirve no s\u00f3lo como un poderoso veh\u00edculo para la adoraci\u00f3n comunitaria, sino tambi\u00e9n como una comunidad acogedora para aquellos con dones musicales. Cornerstone invita cordialmente a las personas de todos los niveles de habilidad que poseen talentos en el canto, tocar instrumentos, o la producci\u00f3n audiovisual a unirse a este vibrante ministerio, ofreciendo oportunidades tanto para los artistas experimentados y los reci\u00e9n llegados a contribuir con sus habilidades \u00fanicas en un ambiente de apoyo comprometido con la excelencia en el culto y la expresi\u00f3n art\u00edstica que glorifica a Dios e inspira a la congregaci\u00f3n.<\/p>\n\n<\/div>\n<\/div>    <\/article>\n<\/div>\r\n<\/div><\/div>\n<\/section>","protected":false},"excerpt":{"rendered":"<p>Ministries Preschool &#038; Children\u2019s Ministry We place a major emphasis on our children! While the nursery is available during Sunday School and all Sunday morning events, our goal for elementary children, from Preschool-5th grade, is to offer appropriate Sunday School classes with curriculum and a nurturing environment as they learn about God so that they [&hellip;]<\/p>","protected":false},"author":1,"featured_media":0,"parent":0,"menu_order":0,"comment_status":"closed","ping_status":"closed","template":"","meta":{"_piecal_is_recurring":false,"_piecal_recurring_interval":1,"_piecal_recurring_frequency":"","_piecal_recurring_exact_position":false,"_piecal_recurring_end":"","_piecal_color":"","_piecal_text_color":"","_piecal_global_color_master":false,"_piecal_rsets":"[]","_piecal_is_event":false,"_piecal_start_date":"","_piecal_end_date":"","_piecal_is_allday":false,"_breakdance_hide_in_design_set":false,"_breakdance_tags":"","footnotes":""},"class_list":["post-108","page","type-page","status-publish","hentry"],"meta_box":[],"_links":{"self":[{"href":"https:\/\/cornerstonechristiandallas.com\/es\/wp-json\/wp\/v2\/pages\/108","targetHints":{"allow":["GET"]}}],"collection":[{"href":"https:\/\/cornerstonechristiandallas.com\/es\/wp-json\/wp\/v2\/pages"}],"about":[{"href":"https:\/\/cornerstonechristiandallas.com\/es\/wp-json\/wp\/v2\/types\/page"}],"author":[{"embeddable":true,"href":"https:\/\/cornerstonechristiandallas.com\/es\/wp-json\/wp\/v2\/users\/1"}],"replies":[{"embeddable":true,"href":"https:\/\/cornerstonechristiandallas.com\/es\/wp-json\/wp\/v2\/comments?post=108"}],"version-history":[{"count":3,"href":"https:\/\/cornerstonechristiandallas.com\/es\/wp-json\/wp\/v2\/pages\/108\/revisions"}],"predecessor-version":[{"id":351,"href":"https:\/\/cornerstonechristiandallas.com\/es\/wp-json\/wp\/v2\/pages\/108\/revisions\/351"}],"wp:attachment":[{"href":"https:\/\/cornerstonechristiandallas.com\/es\/wp-json\/wp\/v2\/media?parent=108"}],"curies":[{"name":"wp","href":"https:\/\/api.w.org\/{rel}","templated":true}]}}