{"id":110,"date":"2025-01-29T01:20:13","date_gmt":"2025-01-29T01:20:13","guid":{"rendered":"https:\/\/cornerstone-church.us23.cdn-alpha.com\/anchor-groups\/"},"modified":"2025-04-01T23:39:47","modified_gmt":"2025-04-01T23:39:47","slug":"grupos-de-anclaje","status":"publish","type":"page","link":"https:\/\/cornerstonechristiandallas.com\/es\/grupos-de-anclaje\/","title":{"rendered":"Grupos de anclaje"},"content":{"rendered":"<section class=\"bde-section-110-100 bde-section\">\n  \n  \n\t\n\n\n\n<div class=\"section-container\"><div class=\"bde-image-110-101 bde-image\">\n<figure class=\"breakdance-image breakdance-image--73\">\n\t<div class=\"breakdance-image-container\">\n\t\t<div class=\"breakdance-image-clip\"><img loading=\"lazy\" decoding=\"async\" class=\"breakdance-image-object\" src=\"https:\/\/cornerstone-church.us23.cdn-alpha.com\/wp-content\/uploads\/2025\/01\/4u3d6u_p-fe.jpg\" width=\"1600\" height=\"1067\" srcset=\"https:\/\/cornerstone-church.us23.cdn-alpha.com\/wp-content\/uploads\/2025\/01\/4u3d6u_p-fe.jpg 1600w, https:\/\/cornerstone-church.us23.cdn-alpha.com\/wp-content\/uploads\/2025\/01\/4u3d6u_p-fe-300x200.jpg 300w, https:\/\/cornerstone-church.us23.cdn-alpha.com\/wp-content\/uploads\/2025\/01\/4u3d6u_p-fe-1024x683.jpg 1024w, https:\/\/cornerstone-church.us23.cdn-alpha.com\/wp-content\/uploads\/2025\/01\/4u3d6u_p-fe-768x512.jpg 768w, https:\/\/cornerstone-church.us23.cdn-alpha.com\/wp-content\/uploads\/2025\/01\/4u3d6u_p-fe-1536x1024.jpg 1536w\" sizes=\"auto, (max-width: 1600px) 100vw, 1600px\" alt=\"mujer sentada en una silla delante de una mesa blanca leyendo un libro\"><\/div>\n\t<\/div><\/figure>\n\n<\/div><\/div>\n<\/section><section class=\"bde-section-110-102 bde-section\">\n  \n  \n\t\n\n\n\n<div class=\"section-container\"><div class=\"bde-div-110-103 bde-div\">\n  \n  \n\t\n\n\n\n<h2 class=\"bde-heading-110-104 bde-heading\">\nGrupos de anclaje\n<\/h2>\n<\/div><\/div>\n<\/section><section class=\"bde-section-110-105 bde-section\">\n  \n  \n\t\n\n\n\n<div class=\"section-container\"><div class=\"bde-text-110-106 bde-text\">\n\n<\/div><div class=\"bde-columns-110-108 bde-columns\"><div class=\"bde-column-110-109 bde-column\">\n  \n  \n\t\n\n\n\n<div class=\"bde-code-block-110-120 bde-code-block\">\n\n  <svg clip-rule=\"evenodd\" fill-rule=\"evenodd\" height=\"60pt\" stroke-linejoin=\"round\" stroke-miterlimit=\"2\" viewbox=\"0 0 64 64\" width=\"60pt\" xmlns=\"http:\/\/www.w3.org\/2000\/svg\" id=\"fi_8073854\"><g transform=\"translate(0 -207)\"><g id=\"ICON\" transform=\"translate(4.5 8.5)\"><g transform=\"translate(-4.5 -8.5)\"><path d=\"m47.049 250.338c3.72.573 8.37.259 11.119-.921 1.807-.776 2.832-1.968 2.832-3.346 0-2.155-.75-4.147-2.021-5.752-.343-.432-.972-.506-1.405-.163s-.506.972-.163 1.405c.996 1.259 1.589 2.82 1.589 4.51 0 .389-.269.69-.641.966-.575.426-1.394.751-2.347 1.002-3.012.793-7.305.79-10.297-.015-.801-1.146-1.757-2.185-2.841-3.092.589-3.662 3.969-6.45 8.018-6.45 1.692 0 3.265.486 4.569 1.321.464.297 1.083.162 1.381-.303s.162-1.084-.303-1.381c-.623-.4-1.296-.735-2.009-.996 1.173-1.019 1.916-2.521 1.916-4.195 0-3.066-2.489-5.555-5.554-5.555-.774 0-1.51.159-2.179.445-1.15-1.655-2.828-2.957-4.81-3.683 1.174-1.019 1.916-2.521 1.916-4.195 0-3.066-2.488-5.554-5.554-5.554-3.065 0-5.554 2.488-5.554 5.554 0 1.674.742 3.176 1.916 4.195-1.068.391-2.048.949-2.904 1.64-1.137-.228-2.309-.228-3.446 0-.856-.691-1.836-1.249-2.904-1.64 1.174-1.019 1.916-2.521 1.916-4.195 0-3.066-2.489-5.554-5.554-5.554-3.066 0-5.554 2.488-5.554 5.554 0 1.674.742 3.176 1.916 4.195-1.982.727-3.661 2.028-4.81 3.683-.669-.286-1.405-.445-2.179-.445-3.065 0-5.554 2.489-5.554 5.555 0 1.674.742 3.176 1.916 4.195-3.79 1.389-6.47 4.883-6.47 8.948 0 1.378 1.025 2.57 2.832 3.346 2.749 1.18 7.399 1.494 11.119.921-.891 1.915-1.385 4.03-1.385 6.252 0 1.533.839 2.868 2.361 3.933.452.317 1.076.206 1.392-.246.317-.452.207-1.076-.246-1.392-.911-.638-1.507-1.378-1.507-2.295 0-7.497 6.483-13.554 14.434-13.554s14.434 6.057 14.434 13.554c0 .808-.469 1.48-1.202 2.066-.914.731-2.219 1.311-3.757 1.767-4.9 1.45-12.09 1.578-17.412.395-.539-.12-1.074.221-1.194.759-.119.539.221 1.074.76 1.193 6.591 1.466 15.879.998 20.86-1.343 2.493-1.171 3.945-2.849 3.945-4.837 0-2.222-.494-4.337-1.385-6.252zm-25.923-5.406c-.589-3.662-3.969-6.45-8.018-6.45-4.459 0-8.108 3.384-8.108 7.589 0 .389.269.69.641.966.575.426 1.394.751 2.347 1.002 3.012.793 7.305.79 10.297-.015.801-1.145 1.757-2.185 2.841-3.092zm2.812-7.295c-2.447.018-4.91-.3-6.759-.932-.137.147-.281.286-.432.418 3.009 1.104 5.319 3.534 6.143 6.523 1.349-.853 2.84-1.523 4.432-1.97-.529-.336-1.029-.735-1.49-1.197-.838-.839-1.47-1.808-1.894-2.842zm23.315-.514c-.151-.132-.296-.271-.432-.418-1.849.632-4.313.95-6.759.933-.426 1.036-1.06 2.008-1.902 2.849-.459.458-.956.855-1.482 1.189 1.592.447 3.082 1.116 4.432 1.97.824-2.989 3.134-5.42 6.143-6.523zm-.208-8.201c-1.453-2.069-3.951-3.428-6.78-3.428-1.541 0-2.984.403-4.213 1.105.761.4 1.476.92 2.116 1.561.39.39.389 1.024-.001 1.414-.391.39-1.024.389-1.414-.001-2.62-2.623-6.876-2.626-9.499-.006-2.624 2.619-2.626 6.876-.007 9.499 2.62 2.623 6.876 2.626 9.499.006 2.001-1.998 2.477-4.948 1.429-7.4-.217-.507.018-1.096.526-1.313.507-.217 1.095.019 1.312.526.644 1.506.845 3.156.603 4.752 1.835-.024 3.649-.246 5.105-.677-.247-.63-.384-1.315-.384-2.032 0-1.573.656-2.995 1.708-4.006zm3.847.451c1.961 0 3.554 1.593 3.554 3.555 0 1.961-1.593 3.554-3.554 3.554-1.962 0-3.555-1.593-3.555-3.554 0-1.962 1.593-3.555 3.555-3.555zm-37.784 0c1.962 0 3.555 1.593 3.555 3.555 0 1.961-1.593 3.554-3.555 3.554-1.961 0-3.554-1.593-3.554-3.554 0-1.962 1.593-3.555 3.554-3.555zm14.84-2.774c-1.229-.702-2.672-1.105-4.213-1.105-2.829 0-5.327 1.359-6.78 3.428 1.052 1.011 1.708 2.433 1.708 4.006 0 .717-.136 1.402-.384 2.032 1.456.431 3.27.653 5.105.677-.402-2.65.417-5.449 2.456-7.485.638-.637 1.35-1.155 2.108-1.553zm12.317-10.213c1.962 0 3.554 1.592 3.554 3.554 0 1.961-1.592 3.554-3.554 3.554s-3.554-1.593-3.554-3.554c0-1.962 1.592-3.554 3.554-3.554zm-16.53 0c1.962 0 3.554 1.592 3.554 3.554 0 1.961-1.592 3.554-3.554 3.554s-3.554-1.593-3.554-3.554c0-1.962 1.592-3.554 3.554-3.554z\"><\/path><\/g><g transform=\"translate(-9.411 -6.5)\"><circle cx=\"26\" cy=\"259\" r=\"1\"><\/circle><\/g><\/g><\/g><\/svg>\n\n\n<\/div><div class=\"bde-rich-text-110-107 bde-rich-text breakdance-rich-text-styles\">\n<p class=\"whitespace-pre-wrap break-words\">\u00a1Experimente la aut\u00e9ntica comunidad en Cornerstone Christian Church a trav\u00e9s de nuestros Grupos Ancla! Estos grupos peque\u00f1os son el coraz\u00f3n de nuestra familia de la iglesia, dise\u00f1ado para ayudarle a construir relaciones significativas y crecer m\u00e1s profundamente en su camino de fe.<\/p><p class=\"whitespace-pre-wrap break-words\">\u00bfQu\u00e9 son los Grupos Ancla? Nuestros Grupos Ancla re\u00fanen a personas en etapas similares de la vida o con intereses compartidos para un compa\u00f1erismo regular, estudio b\u00edblico y apoyo mutuo. Al igual que un ancla proporciona estabilidad y arraigo, estos grupos ofrecen un lugar donde usted puede sentirse conectado, apoyado y arraigado en su camino de fe.<\/p><p class=\"whitespace-pre-wrap break-words\">\u00bfPor qu\u00e9 unirse a un Grupo Ancla? En estos entornos m\u00e1s peque\u00f1os e \u00edntimos, encontrar\u00e1s:<\/p><ul class=\"[&amp;:not(:last-child)_ul]:pb-1 [&amp;:not(:last-child)_ol]:pb-1 list-disc space-y-1.5 pl-7\"><li class=\"whitespace-normal break-words\">Relaciones genuinas que se extienden m\u00e1s all\u00e1 de los domingos por la ma\u00f1ana, creando amistades duraderas con otras personas que comparten su camino de fe.<br \/><br \/><\/li><li class=\"whitespace-normal break-words\">Un entorno de apoyo en el que poder plantear preguntas, compartir retos y celebrar juntos las victorias de la vida.<\/li><\/ul>\n<\/div>\n<\/div><div class=\"bde-column-110-110 bde-column\">\n  \n  \n\t\n\n\n\n<div class=\"bde-post-loop-110-111 bde-post-loop\"><div class=\"bde-loop bde-loop-grid ee-posts ee-posts-grid\">    <article class=\"bde-loop-item ee-post\">\n        <div class=\"bde-div-147-100-218-147-1 bde-div bde-div-147-100\">\n  \n  \n\t\n\n\n\n<h3 class=\"bde-heading-147-101-218-147-1 bde-heading bde-heading-147-101\">\nGrupo espa\u00f1ol\n<\/h3><div class=\"bde-text-147-102-218-147-1 bde-text bde-text-147-102\">\nRoberto C.\n<\/div><div class=\"bde-text-147-103-218-147-1 bde-text bde-text-147-103\">\nIglesia\n<\/div><div class=\"bde-text-147-105-218-147-1 bde-text bde-text-147-105\">\nstaff@cc-church.com\n<\/div>\n<\/div>    <\/article>\n    <article class=\"bde-loop-item ee-post\">\n        <div class=\"bde-div-147-100-219-147-1 bde-div bde-div-147-100\">\n  \n  \n\t\n\n\n\n<h3 class=\"bde-heading-147-101-219-147-1 bde-heading bde-heading-147-101\">\nGrupo de Ron\n<\/h3><div class=\"bde-text-147-102-219-147-1 bde-text bde-text-147-102\">\nRon K.\n<\/div><div class=\"bde-text-147-103-219-147-1 bde-text bde-text-147-103\">\nFarmers Branch\n<\/div><div class=\"bde-text-147-105-219-147-1 bde-text bde-text-147-105\">\nstaff@cc-church.com\n<\/div>\n<\/div>    <\/article>\n    <article class=\"bde-loop-item ee-post\">\n        <div class=\"bde-div-147-100-220-147-1 bde-div bde-div-147-100\">\n  \n  \n\t\n\n\n\n<h3 class=\"bde-heading-147-101-220-147-1 bde-heading bde-heading-147-101\">\nGrupo Van's\n<\/h3><div class=\"bde-text-147-102-220-147-1 bde-text bde-text-147-102\">\nVan P.\n<\/div><div class=\"bde-text-147-103-220-147-1 bde-text bde-text-147-103\">\nCarrollton\n<\/div><div class=\"bde-text-147-105-220-147-1 bde-text bde-text-147-105\">\nstaff@cc-church.com\n<\/div>\n<\/div>    <\/article>\n    <article class=\"bde-loop-item ee-post\">\n        <div class=\"bde-div-147-100-221-147-1 bde-div bde-div-147-100\">\n  \n  \n\t\n\n\n\n<h3 class=\"bde-heading-147-101-221-147-1 bde-heading bde-heading-147-101\">\nGrupo Gray\n<\/h3><div class=\"bde-text-147-102-221-147-1 bde-text bde-text-147-102\">\nGary M.\n<\/div><div class=\"bde-text-147-103-221-147-1 bde-text bde-text-147-103\">\nCarrollton\n<\/div><div class=\"bde-text-147-105-221-147-1 bde-text bde-text-147-105\">\nstaff@cc-church.com\n<\/div>\n<\/div>    <\/article>\n    <article class=\"bde-loop-item ee-post\">\n        <div class=\"bde-div-147-100-222-147-1 bde-div bde-div-147-100\">\n  \n  \n\t\n\n\n\n<h3 class=\"bde-heading-147-101-222-147-1 bde-heading bde-heading-147-101\">\nGrupo Bobby\n<\/h3><div class=\"bde-text-147-102-222-147-1 bde-text bde-text-147-102\">\nBobby W.\n<\/div><div class=\"bde-text-147-103-222-147-1 bde-text bde-text-147-103\">\nc\/o Janice Wilson\nMcKinney, Texas\n<\/div><div class=\"bde-text-147-105-222-147-1 bde-text bde-text-147-105\">\nstaff@cc-church.com\n<\/div>\n<\/div>    <\/article>\n    <article class=\"bde-loop-item ee-post\">\n        <div class=\"bde-div-147-100-223-147-1 bde-div bde-div-147-100\">\n  \n  \n\t\n\n\n\n<h3 class=\"bde-heading-147-101-223-147-1 bde-heading bde-heading-147-101\">\nGrupo de Nate\n<\/h3><div class=\"bde-text-147-102-223-147-1 bde-text bde-text-147-102\">\nNate T.\n<\/div><div class=\"bde-text-147-103-223-147-1 bde-text bde-text-147-103\">\nOak Point, Texas\n<\/div><div class=\"bde-text-147-105-223-147-1 bde-text bde-text-147-105\">\nstaff@cc-church.com\n<\/div>\n<\/div>    <\/article>\n<\/div>\r\n<\/div>\n<\/div><\/div><\/div>\n<\/section><section class=\"bde-section-110-112 bde-section\">\n  \n  \n\t\n\n\n\n<div class=\"section-container\"><div class=\"bde-div-110-113 bde-div\">\n  \n  \n\t\n\n\n\n<div class=\"bde-image-110-114 bde-image\">\n<figure class=\"breakdance-image breakdance-image--76\">\n\t<div class=\"breakdance-image-container\">\n\t\t<div class=\"breakdance-image-clip\"><img loading=\"lazy\" decoding=\"async\" class=\"breakdance-image-object\" src=\"https:\/\/cornerstone-church.us23.cdn-alpha.com\/wp-content\/uploads\/2025\/01\/aawzgwhbhfe.jpg\" width=\"1600\" height=\"1067\" srcset=\"https:\/\/cornerstone-church.us23.cdn-alpha.com\/wp-content\/uploads\/2025\/01\/aawzgwhbhfe.jpg 1600w, https:\/\/cornerstone-church.us23.cdn-alpha.com\/wp-content\/uploads\/2025\/01\/aawzgwhbhfe-300x200.jpg 300w, https:\/\/cornerstone-church.us23.cdn-alpha.com\/wp-content\/uploads\/2025\/01\/aawzgwhbhfe-1024x683.jpg 1024w, https:\/\/cornerstone-church.us23.cdn-alpha.com\/wp-content\/uploads\/2025\/01\/aawzgwhbhfe-768x512.jpg 768w, https:\/\/cornerstone-church.us23.cdn-alpha.com\/wp-content\/uploads\/2025\/01\/aawzgwhbhfe-1536x1024.jpg 1536w\" sizes=\"auto, (max-width: 1600px) 100vw, 1600px\" alt=\"pareja leyendo un libro en el sof\u00e1\"><\/div>\n\t<\/div><\/figure>\n\n<\/div><div class=\"bde-div-110-115 bde-div\">\n  \n  \n\t\n\n\n\n<h2 class=\"bde-heading-110-116 bde-heading\">\n\u00bfListo para conectarte?\n<\/h2><div class=\"bde-button-110-117 bde-button\">\n    \n                                    \n    \n    \n    \n    \n            \n                    \n            \n            \n\n    \n    \n    \n    \n    \n    <a class=\"breakdance-link button-atom button-atom--primary bde-button__button\" href=\"mailto:staff@cc-church.com\" target=\"_self\" data-type=\"url\"  >\n\n    \n        <span class=\"button-atom__text\">P\u00f3ngase en contacto con nosotros<\/span>\n\n        \n        \n                <\/a>\n\n    \n\n\n<\/div><div class=\"bde-div-110-118 bde-div\">\n  \n  \n\t\n\n\n\n<p class=\"bde-text-110-119 bde-text\">\nNuestros responsables de grupo est\u00e1n deseando darle la bienvenida. Cont\u00e1ctenos para aprender m\u00e1s sobre nuestros varios grupos y encontrar el perfecto para usted. Si usted es nuevo en la fe o ha estado caminando con Cristo durante a\u00f1os, hay un Grupo Ancla esperando para darle la bienvenida a casa.\n<\/p>\n<\/div>\n<\/div>\n<\/div><\/div>\n<\/section>","protected":false},"excerpt":{"rendered":"<p>Grupos Ancla \u00a1Experimente la aut\u00e9ntica comunidad en Cornerstone Christian Church a trav\u00e9s de nuestros Grupos Ancla! Estos peque\u00f1os grupos son el coraz\u00f3n de nuestra familia de la iglesia, dise\u00f1ado para ayudarle a construir relaciones significativas y crecer m\u00e1s profundamente en su viaje de fe. Nuestros Grupos Ancla re\u00fanen a personas en etapas similares de la vida o intereses compartidos para [...]<\/p>","protected":false},"author":1,"featured_media":0,"parent":0,"menu_order":0,"comment_status":"closed","ping_status":"closed","template":"","meta":{"_piecal_is_recurring":false,"_piecal_recurring_interval":1,"_piecal_recurring_frequency":"","_piecal_recurring_exact_position":false,"_piecal_recurring_end":"","_piecal_color":"","_piecal_text_color":"","_piecal_global_color_master":false,"_piecal_rsets":"[]","_piecal_is_event":false,"_piecal_start_date":"","_piecal_end_date":"","_piecal_is_allday":false,"_breakdance_hide_in_design_set":false,"_breakdance_tags":"","footnotes":""},"class_list":["post-110","page","type-page","status-publish","hentry"],"meta_box":[],"_links":{"self":[{"href":"https:\/\/cornerstonechristiandallas.com\/es\/wp-json\/wp\/v2\/pages\/110","targetHints":{"allow":["GET"]}}],"collection":[{"href":"https:\/\/cornerstonechristiandallas.com\/es\/wp-json\/wp\/v2\/pages"}],"about":[{"href":"https:\/\/cornerstonechristiandallas.com\/es\/wp-json\/wp\/v2\/types\/page"}],"author":[{"embeddable":true,"href":"https:\/\/cornerstonechristiandallas.com\/es\/wp-json\/wp\/v2\/users\/1"}],"replies":[{"embeddable":true,"href":"https:\/\/cornerstonechristiandallas.com\/es\/wp-json\/wp\/v2\/comments?post=110"}],"version-history":[{"count":8,"href":"https:\/\/cornerstonechristiandallas.com\/es\/wp-json\/wp\/v2\/pages\/110\/revisions"}],"predecessor-version":[{"id":467,"href":"https:\/\/cornerstonechristiandallas.com\/es\/wp-json\/wp\/v2\/pages\/110\/revisions\/467"}],"wp:attachment":[{"href":"https:\/\/cornerstonechristiandallas.com\/es\/wp-json\/wp\/v2\/media?parent=110"}],"curies":[{"name":"wp","href":"https:\/\/api.w.org\/{rel}","templated":true}]}}