{"id":111,"date":"2025-01-29T01:20:13","date_gmt":"2025-01-29T01:20:13","guid":{"rendered":"https:\/\/cornerstone-church.us23.cdn-alpha.com\/giving\/"},"modified":"2025-04-14T16:51:54","modified_gmt":"2025-04-14T16:51:54","slug":"dando","status":"publish","type":"page","link":"https:\/\/cornerstonechristiandallas.com\/es\/dando\/","title":{"rendered":"Dar"},"content":{"rendered":"<section class=\"bde-section-111-100 bde-section\">\n  \n  \n\t\n\n\n\n<div class=\"section-container\"><div class=\"bde-image-111-101 bde-image\">\n<figure class=\"breakdance-image breakdance-image--481\">\n\t<div class=\"breakdance-image-container\">\n\t\t<div class=\"breakdance-image-clip\"><img loading=\"lazy\" decoding=\"async\" class=\"breakdance-image-object\" src=\"https:\/\/cornerstonechristiandallas.com\/wp-content\/uploads\/2025\/04\/IMG_8132.png\" width=\"1000\" height=\"667\" srcset=\"https:\/\/cornerstonechristiandallas.com\/wp-content\/uploads\/2025\/04\/IMG_8132.png 1000w, https:\/\/cornerstonechristiandallas.com\/wp-content\/uploads\/2025\/04\/IMG_8132-300x200.png 300w, https:\/\/cornerstonechristiandallas.com\/wp-content\/uploads\/2025\/04\/IMG_8132-768x512.png 768w, https:\/\/cornerstonechristiandallas.com\/wp-content\/uploads\/2025\/04\/IMG_8132-18x12.png 18w\" sizes=\"auto, (max-width: 1000px) 100vw, 1000px\"><\/div>\n\t<\/div><\/figure>\n\n<\/div><\/div>\n<\/section><section class=\"bde-section-111-102 bde-section\">\n  \n  \n\t\n\n\n\n<div class=\"section-container\"><div class=\"bde-div-111-103 bde-div\">\n  \n  \n\t\n\n\n\n<h2 class=\"bde-heading-111-104 bde-heading\">\nDar\n<\/h2>\n<\/div><\/div>\n<\/section><section class=\"bde-section-111-105 bde-section\">\n  \n  \n\t\n\n\n\n<div class=\"section-container\"><div class=\"bde-text-111-106 bde-text\">\n\n<\/div><h2 class=\"bde-heading-111-112 bde-heading\">\nSu impacto global a trav\u00e9s de Cornerstone Christian Church\n<\/h2><div class=\"bde-columns-111-116 bde-columns\"><div class=\"bde-column-111-117 bde-column\">\n  \n  \n\t\n\n\n\n<span class=\"dan-arrow-button-111-115 dan-arrow-button\" data-swap=\"enable\">\n          \n            \n            \n\n    \n    \n    \n    \n    \n    <a class=\"breakdance-link dan-arrow-button__anchor\" href=\"https:\/\/www.eservicepayments.com\/cgi-bin\/Vanco_ver3.vps?appver3=wWsk24ZWJSTZKsGd1RMKlg0BDvsSG3VIWQCPJNNxD8upkiY7JlDavDsozUE7KG0nFx2NSo8LdUKGuGuF396vbRBdLyH50bKy5DODUzB24y-XHubq5Z7ap5JVmPErc4ZeYHCKCZhESjGNQmZ5B-6dxy7vR9VIdo8_-OckP7s2Fho=&ver=3\" target=\"_self\" data-type=\"url\"  >\n\n                  \n    <div class='dan-arrow-button__circle'>\n              <svg class='dan-arrow-button__arrow dan-arrow-button__arrow-left' xmlns='http:\/\/www.w3.org\/2000\/svg' viewbox='0 0 24 24'>\n          <path d='M11.293 4.707 17.586 11H4v2h13.586l-6.293 6.293 1.414 1.414L21.414 12l-8.707-8.707-1.414 1.414z'\/>\n        <\/svg>\n        <svg class='dan-arrow-button__arrow dan-arrow-button__arrow-right' xmlns='http:\/\/www.w3.org\/2000\/svg' viewbox='0 0 24 24'>\n          <path d='M11.293 4.707 17.586 11H4v2h13.586l-6.293 6.293 1.414 1.414L21.414 12l-8.707-8.707-1.414 1.414z'\/>\n        <\/svg>\n      \n    <\/div>\n    <div class='dan-arrow-button_title-wrapper'>\n      <div class='dan-arrow-button_title-wrap'>\n        <div class='dan-arrow-button__title' data-content=\"Thank you ! \">Donaciones en l\u00ednea anteriores<\/div>\n      <\/div>\n    <\/div>\n      <\/a>\n\n<\/span>\n<\/div><div class=\"bde-column-111-119 bde-column\">\n  \n  \n\t\n\n\n\n<div class=\"bde-code-block-111-120 bde-code-block\">\n\n  <style>\n  .jss78 {\n    margin-bottom: 32px!important;\n  }\n<\/style>\n\n<iframe id=\"v-frame\" width=\"100%\" frameborder=\"0\" allow=\"clipboard-write\" src=\"https:\/\/secure.myvanco.com\/L-ZASN\" scrolling=\"no\"><\/iframe>\n<script type=\"application\/javascript\">\n  window.onmessage=(e=>{const n=document.getElementById(\"v-frame\");\"https:\/\/secure.myvanco.com\"===e.origin&&e.data.height&&(n.height=e.data.height,n.overflow=\"hidden\")});\n<\/script>\n\n\n<\/div>\n<\/div><\/div><div class=\"bde-columns-111-107 bde-columns\"><div class=\"bde-column-111-108 bde-column\">\n  \n  \n\t\n\n\n\n<div class=\"bde-rich-text-111-110 bde-rich-text breakdance-rich-text-styles\">\n<p class=\"p1\"><i><b>Gracias por sus diezmos y ofrendas que hacen avanzar el reino de Dios de muchas maneras. Cornerstone Christian Church tambi\u00e9n tiene un coraz\u00f3n para las misiones mundiales. Cuando usted da una ofrenda a Cornerstone, 50% de los fondos que usted da autom\u00e1ticamente van a apoyar a misioneros y misiones tanto locales como alrededor del mundo.<\/b><\/i><\/p>\n<\/div>\n<\/div><div class=\"bde-column-111-109 bde-column\">\n  \n  \n\t\n\n\n\n<div class=\"bde-rich-text-111-113 bde-rich-text breakdance-rich-text-styles\">\n<p class=\"p1\"><u>Donaciones en l\u00ednea<\/u> - V\u00e9anse las instrucciones anteriores<\/p><p class=\"p1\"><u>Colecci\u00f3n dominical<\/u> - En la iglesia<\/p><p class=\"p1\"><u>Por correo<\/u>\u00a0- Enviar cheque o giro postal a las oficinas de la iglesia: 14008 Distribution Way, Farmers Branch, Texas 75234<br \/><br \/><u>Pago de facturas en l\u00ednea<\/u>\u00a0- Utilice el servicio de pago de facturas en l\u00ednea de su banco<\/p>\n<\/div>\n<\/div><\/div><\/div>\n<\/section>","protected":false},"excerpt":{"rendered":"<p>Dar Su Impacto Global A Trav\u00e9s De La Iglesia Cristiana Cornerstone Previous Online Giving Gracias por sus diezmos y ofrendas que hacen avanzar el reino de Dios de muchas maneras. Cornerstone Christian Church tambi\u00e9n tiene un coraz\u00f3n para las misiones mundiales. Cuando usted da una ofrenda a Cornerstone, 50% de los fondos que usted da autom\u00e1ticamente van a apoyar [...]<\/p>","protected":false},"author":1,"featured_media":0,"parent":0,"menu_order":0,"comment_status":"closed","ping_status":"closed","template":"","meta":{"_piecal_is_recurring":false,"_piecal_recurring_interval":1,"_piecal_recurring_frequency":"","_piecal_recurring_exact_position":false,"_piecal_recurring_end":"","_piecal_color":"","_piecal_text_color":"","_piecal_global_color_master":false,"_piecal_rsets":"[]","_piecal_is_event":false,"_piecal_start_date":"","_piecal_end_date":"","_piecal_is_allday":false,"_breakdance_hide_in_design_set":false,"_breakdance_tags":"","footnotes":""},"class_list":["post-111","page","type-page","status-publish","hentry"],"meta_box":[],"_links":{"self":[{"href":"https:\/\/cornerstonechristiandallas.com\/es\/wp-json\/wp\/v2\/pages\/111","targetHints":{"allow":["GET"]}}],"collection":[{"href":"https:\/\/cornerstonechristiandallas.com\/es\/wp-json\/wp\/v2\/pages"}],"about":[{"href":"https:\/\/cornerstonechristiandallas.com\/es\/wp-json\/wp\/v2\/types\/page"}],"author":[{"embeddable":true,"href":"https:\/\/cornerstonechristiandallas.com\/es\/wp-json\/wp\/v2\/users\/1"}],"replies":[{"embeddable":true,"href":"https:\/\/cornerstonechristiandallas.com\/es\/wp-json\/wp\/v2\/comments?post=111"}],"version-history":[{"count":21,"href":"https:\/\/cornerstonechristiandallas.com\/es\/wp-json\/wp\/v2\/pages\/111\/revisions"}],"predecessor-version":[{"id":491,"href":"https:\/\/cornerstonechristiandallas.com\/es\/wp-json\/wp\/v2\/pages\/111\/revisions\/491"}],"wp:attachment":[{"href":"https:\/\/cornerstonechristiandallas.com\/es\/wp-json\/wp\/v2\/media?parent=111"}],"curies":[{"name":"wp","href":"https:\/\/api.w.org\/{rel}","templated":true}]}}