{"id":313,"date":"2025-02-18T18:44:39","date_gmt":"2025-02-18T18:44:39","guid":{"rendered":"https:\/\/cornerstonechristiandallas.com\/?page_id=313"},"modified":"2025-02-25T13:19:49","modified_gmt":"2025-02-25T13:19:49","slug":"nuestro-equipo","status":"publish","type":"page","link":"https:\/\/cornerstonechristiandallas.com\/es\/nuestro-equipo\/","title":{"rendered":"Nuestro equipo"},"content":{"rendered":"<section class=\"bde-section-313-100 bde-section\">\n  \n  \n\t\n\n\n\n<div class=\"section-container\"><h2 class=\"bde-heading-313-101 bde-heading\">\nConoce al equipo\n<\/h2><p class=\"bde-text-313-102 bde-text\">\nNuestro dedicado personal de la iglesia sirve como el coraz\u00f3n de nuestra congregaci\u00f3n, trabajando juntos para apoyar a nuestra familia de la iglesia y la comunidad. Dirigido por nuestro Ministro Principal, nuestro equipo incluye personas que coordinan los servicios de adoraci\u00f3n, supervisan los ministerios de ni\u00f1os y j\u00f3venes, gestionan las tareas administrativas, y proporcionan atenci\u00f3n pastoral.\n<\/p><div class=\"bde-div-313-103 bde-div\">\n  \n  \n\t\n\n\n\n<div class=\"bde-columns-313-104 bde-columns\"><div class=\"bde-column-313-105 bde-column\">\n  \n  \n\t\n\n\n\n<p class=\"bde-text-313-109 bde-text\">\nSteve Meza es el <b>Ministro Principal<\/b> de la Iglesia Cristiana Cornerstone. Su compromiso de difundir el amor de Cristo es evidente en su trabajo y en la forma en que dirige la iglesia y su familia, buscando siempre reflejar la gracia de Dios en todos los \u00e1mbitos de la vida.<br><br><br>En 2020, Steve comenz\u00f3 a servir en Cornerstone como voluntario, haciendo la transici\u00f3n al ministerio a tiempo completo en 2021, donde continu\u00f3 construyendo relaciones, ense\u00f1ando y liderando con un coraz\u00f3n para la comunidad a la que servimos.<br><br><br>Nacido y criado en la frontera entre M\u00e9xico y Estados Unidos, Steve siempre ha estado inmerso en una rica herencia cultural, que ha influido enormemente en su coraz\u00f3n para el ministerio. Su viaje en la predicaci\u00f3n comenz\u00f3 en Amarillo, TX, donde respondi\u00f3 a la llamada a servir y compartir el Evangelio con los que le rodeaban. <br><br>Obtuvo una licenciatura en ministerio b\u00edblico de Dallas Christian College, equip\u00e1ndolo con el conocimiento y la pasi\u00f3n para impactar vidas para Cristo. Steve y su esposa, Ana, han sido bendecidos con cuatro hijos maravillosos-dos ni\u00f1as y dos ni\u00f1os-que traen alegr\u00eda a su familia y ministerio.<br>\n<\/p>\n<\/div><div class=\"bde-column-313-110 bde-column\">\n  \n  \n\t\n\n\n\n<h4 class=\"bde-heading-313-107 bde-heading\">\nCONOCE A STEVE MEZA\n<\/h4><p class=\"bde-text-313-108 bde-text\">\n<b>Ministro Principal<\/b>\n<\/p><img decoding=\"async\" class=\"bde-image2-313-111 bde-image2\" src=\"https:\/\/cornerstonechristiandallas.com\/wp-content\/uploads\/2025\/02\/IMG_9681.jpg\" loading=\"lazy\" srcset=\"https:\/\/cornerstonechristiandallas.com\/wp-content\/uploads\/2025\/02\/IMG_9681.jpg 640w, https:\/\/cornerstonechristiandallas.com\/wp-content\/uploads\/2025\/02\/IMG_9681-300x201.jpg 300w, https:\/\/cornerstonechristiandallas.com\/wp-content\/uploads\/2025\/02\/IMG_9681-18x12.jpg 18w\" sizes=\"(max-width: 640px) 100vw, 640px\">\n<\/div><\/div><div class=\"bde-columns-313-112 bde-columns\"><div class=\"bde-column-313-113 bde-column\">\n  \n  \n\t\n\n\n\n<h4 class=\"bde-heading-313-117 bde-heading\">\nCONOZCA A RON KEY\n<\/h4><p class=\"bde-text-313-118 bde-text\">\n<b>Ministro de Misiones<\/b>\n<\/p><img decoding=\"async\" class=\"bde-image2-313-114 bde-image2\" src=\"https:\/\/cornerstonechristiandallas.com\/wp-content\/uploads\/2025\/02\/IMG_9679.jpg\" loading=\"lazy\" srcset=\"https:\/\/cornerstonechristiandallas.com\/wp-content\/uploads\/2025\/02\/IMG_9679.jpg 640w, https:\/\/cornerstonechristiandallas.com\/wp-content\/uploads\/2025\/02\/IMG_9679-300x201.jpg 300w, https:\/\/cornerstonechristiandallas.com\/wp-content\/uploads\/2025\/02\/IMG_9679-18x12.jpg 18w\" sizes=\"(max-width: 640px) 100vw, 640px\">\n<\/div><div class=\"bde-column-313-115 bde-column\">\n  \n  \n\t\n\n\n\n<p class=\"bde-text-313-119 bde-text\">\nRon Key es el <b>Ministro de Misiones<\/b> de la Iglesia Cristiana Cornerstone. Despu\u00e9s de servir como Ministro Principal fundador de Cornerstone durante 17 a\u00f1os, Ron se traslad\u00f3 a esta posici\u00f3n para pastorear las muchas misiones que servimos, tanto a nivel local como en todo el mundo, que es el fuerte enfoque de Cornerstone.  Como representante de la Misi\u00f3n de la iglesia, ha viajado a M\u00e9xico, Guatemala, Alemania, Tailandia, Papa Nueva Guinea, Kenia, Ghana, Tanzania Zimbabwe, Brasil y la India. Su llamado sigue siendo guiar a otros en todo el mundo al coraz\u00f3n de Jes\u00fas y el deseo de su coraz\u00f3n es que la gente venga a Jes\u00fas y lo experimente personalmente en sus propias vidas.  El Se\u00f1or le dio a Ron el extraordinario don de hacer a Jes\u00fas real para la gente, evidenciado en las numerosas personas tra\u00eddas a, y que sirven a Jes\u00fas.  <br><br><br>Adem\u00e1s, Dios dot\u00f3 a Ron con la m\u00fasica.  Sin formaci\u00f3n espec\u00edfica, ha dirigido hermosos coros, orquestas y conjuntos y escribe y pone en escena inspiradoras cantatas de Navidad y Pascua.  <br><br><br>Nacido en Tulsa, Oklahoma, Ron se mud\u00f3 con su familia por todo el pa\u00eds y despu\u00e9s de graduarse de la escuela secundaria en Cincinnati, Dios intervino en los planes de Ron para ser un Ingeniero Aeron\u00e1utico y lo llev\u00f3 a Ozark Christian College donde se gradu\u00f3 y luego fue llamado al ministerio como Ministro de J\u00f3venes en Davis Park Christian Church en Enid Oklahoma. \u00c9l y Kaycia Gossett se casaron y en enero de 1972, se traslad\u00f3 a Dallas, donde sirvi\u00f3 en Valley View Christian Church los pr\u00f3ximos 33 a\u00f1os.  A trav\u00e9s de los a\u00f1os, ha servido como ministro de J\u00f3venes\/Asociados\/Singles\/M\u00fasica y Senior. En 2005, Ron acept\u00f3 el llamado para dirigir la Iglesia Cristiana Cornerstone como Ministro Principal.  <br><br><br>\u00c9l y Kaycia tienen una familia maravillosa que tambi\u00e9n sirven en Cornerstone. Hijas, Karissa (esposo Randy), Allison (esposo Michael), y 3 nietos ocupados Jordan, Micah y Noah.\n<\/p>\n<\/div><\/div>\n<\/div><\/div>\n<\/section><section class=\"bde-section-313-127 bde-section\">\n  \n  \n\t\n\n\n\n<div class=\"section-container\"><h4 class=\"bde-heading-313-128 bde-heading\">\nconozca a los ancianos\n<\/h4><img decoding=\"async\" class=\"bde-image2-313-129 bde-image2\" src=\"https:\/\/cornerstonechristiandallas.com\/wp-content\/uploads\/2025\/02\/IMG_9686.jpg\" loading=\"lazy\" srcset=\"https:\/\/cornerstonechristiandallas.com\/wp-content\/uploads\/2025\/02\/IMG_9686.jpg 640w, https:\/\/cornerstonechristiandallas.com\/wp-content\/uploads\/2025\/02\/IMG_9686-300x201.jpg 300w, https:\/\/cornerstonechristiandallas.com\/wp-content\/uploads\/2025\/02\/IMG_9686-18x12.jpg 18w\" sizes=\"(max-width: 640px) 100vw, 640px\"><\/div>\n<\/section><section class=\"bde-section-313-130 bde-section\">\n  \n  \n\t\n\n\n\n<div class=\"section-container\"><div class=\"bde-columns-313-131 bde-columns\"><div class=\"bde-column-313-132 bde-column\">\n  \n  \n\t\n\n\n\n<h4 class=\"bde-heading-313-135 bde-heading\">\nDoug Thomson\n<\/h4><img decoding=\"async\" class=\"bde-image2-313-139 bde-image2\" src=\"https:\/\/cornerstonechristiandallas.com\/wp-content\/uploads\/2025\/02\/IMG_9691.jpg\" loading=\"lazy\" srcset=\"https:\/\/cornerstonechristiandallas.com\/wp-content\/uploads\/2025\/02\/IMG_9691.jpg 412w, https:\/\/cornerstonechristiandallas.com\/wp-content\/uploads\/2025\/02\/IMG_9691-193x300.jpg 193w, https:\/\/cornerstonechristiandallas.com\/wp-content\/uploads\/2025\/02\/IMG_9691-8x12.jpg 8w\" sizes=\"(max-width: 412px) 100vw, 412px\">\n<\/div><div class=\"bde-column-313-133 bde-column\">\n  \n  \n\t\n\n\n\n<h4 class=\"bde-heading-313-138 bde-heading\">\nJim Hamner\n<\/h4><img decoding=\"async\" class=\"bde-image2-313-141 bde-image2\" src=\"https:\/\/cornerstonechristiandallas.com\/wp-content\/uploads\/2025\/02\/IMG_9692.jpg\" loading=\"lazy\" srcset=\"https:\/\/cornerstonechristiandallas.com\/wp-content\/uploads\/2025\/02\/IMG_9692.jpg 368w, https:\/\/cornerstonechristiandallas.com\/wp-content\/uploads\/2025\/02\/IMG_9692-173x300.jpg 173w, https:\/\/cornerstonechristiandallas.com\/wp-content\/uploads\/2025\/02\/IMG_9692-7x12.jpg 7w\" sizes=\"(max-width: 368px) 100vw, 368px\">\n<\/div><div class=\"bde-column-313-134 bde-column\">\n  \n  \n\t\n\n\n\n<h4 class=\"bde-heading-313-137 bde-heading\">\nBobby Wrenn\n<\/h4><img decoding=\"async\" class=\"bde-image2-313-136 bde-image2\" src=\"https:\/\/cornerstonechristiandallas.com\/wp-content\/uploads\/2025\/02\/IMG_9695.jpg\" loading=\"lazy\" srcset=\"https:\/\/cornerstonechristiandallas.com\/wp-content\/uploads\/2025\/02\/IMG_9695.jpg 404w, https:\/\/cornerstonechristiandallas.com\/wp-content\/uploads\/2025\/02\/IMG_9695-189x300.jpg 189w, https:\/\/cornerstonechristiandallas.com\/wp-content\/uploads\/2025\/02\/IMG_9695-8x12.jpg 8w\" sizes=\"(max-width: 404px) 100vw, 404px\">\n<\/div><\/div><div class=\"bde-columns-313-142 bde-columns\"><div class=\"bde-column-313-143 bde-column\">\n  \n  \n\t\n\n\n\n<h4 class=\"bde-heading-313-144 bde-heading\">\nRichard Clay\n<\/h4><img decoding=\"async\" class=\"bde-image2-313-145 bde-image2\" src=\"https:\/\/cornerstonechristiandallas.com\/wp-content\/uploads\/2025\/02\/IMG_9698.jpg\" loading=\"lazy\" srcset=\"https:\/\/cornerstonechristiandallas.com\/wp-content\/uploads\/2025\/02\/IMG_9698.jpg 402w, https:\/\/cornerstonechristiandallas.com\/wp-content\/uploads\/2025\/02\/IMG_9698-188x300.jpg 188w, https:\/\/cornerstonechristiandallas.com\/wp-content\/uploads\/2025\/02\/IMG_9698-8x12.jpg 8w\" sizes=\"(max-width: 402px) 100vw, 402px\">\n<\/div><div class=\"bde-column-313-146 bde-column\">\n  \n  \n\t\n\n\n\n<h4 class=\"bde-heading-313-147 bde-heading\">\nVan Perry\n<\/h4><img decoding=\"async\" class=\"bde-image2-313-148 bde-image2\" src=\"https:\/\/cornerstonechristiandallas.com\/wp-content\/uploads\/2025\/02\/IMG_9699.jpg\" loading=\"lazy\" srcset=\"https:\/\/cornerstonechristiandallas.com\/wp-content\/uploads\/2025\/02\/IMG_9699.jpg 428w, https:\/\/cornerstonechristiandallas.com\/wp-content\/uploads\/2025\/02\/IMG_9699-201x300.jpg 201w, https:\/\/cornerstonechristiandallas.com\/wp-content\/uploads\/2025\/02\/IMG_9699-8x12.jpg 8w\" sizes=\"(max-width: 428px) 100vw, 428px\">\n<\/div><div class=\"bde-column-313-149 bde-column\">\n  \n  \n\t\n\n\n\n<h4 class=\"bde-heading-313-150 bde-heading\">\nKeith Green\n<\/h4><img decoding=\"async\" class=\"bde-image2-313-151 bde-image2\" src=\"https:\/\/cornerstonechristiandallas.com\/wp-content\/uploads\/2025\/02\/IMG_9708.jpg\" loading=\"lazy\" srcset=\"https:\/\/cornerstonechristiandallas.com\/wp-content\/uploads\/2025\/02\/IMG_9708.jpg 418w, https:\/\/cornerstonechristiandallas.com\/wp-content\/uploads\/2025\/02\/IMG_9708-196x300.jpg 196w, https:\/\/cornerstonechristiandallas.com\/wp-content\/uploads\/2025\/02\/IMG_9708-8x12.jpg 8w\" sizes=\"(max-width: 418px) 100vw, 418px\">\n<\/div><\/div><div class=\"bde-columns-313-152 bde-columns\"><div class=\"bde-column-313-153 bde-column\">\n  \n  \n\t\n\n\n\n<h4 class=\"bde-heading-313-154 bde-heading\">\nNate Taylor\n<\/h4><img decoding=\"async\" class=\"bde-image2-313-155 bde-image2\" src=\"https:\/\/cornerstonechristiandallas.com\/wp-content\/uploads\/2025\/02\/IMG_3856-scaled.jpeg\" loading=\"lazy\" srcset=\"https:\/\/cornerstonechristiandallas.com\/wp-content\/uploads\/2025\/02\/IMG_3856-scaled.jpeg 1704w, https:\/\/cornerstonechristiandallas.com\/wp-content\/uploads\/2025\/02\/IMG_3856-200x300.jpeg 200w, https:\/\/cornerstonechristiandallas.com\/wp-content\/uploads\/2025\/02\/IMG_3856-682x1024.jpeg 682w, https:\/\/cornerstonechristiandallas.com\/wp-content\/uploads\/2025\/02\/IMG_3856-768x1154.jpeg 768w, https:\/\/cornerstonechristiandallas.com\/wp-content\/uploads\/2025\/02\/IMG_3856-1023x1536.jpeg 1023w, https:\/\/cornerstonechristiandallas.com\/wp-content\/uploads\/2025\/02\/IMG_3856-1363x2048.jpeg 1363w, https:\/\/cornerstonechristiandallas.com\/wp-content\/uploads\/2025\/02\/IMG_3856-8x12.jpeg 8w\" sizes=\"(max-width: 1704px) 100vw, 1704px\">\n<\/div><div class=\"bde-column-313-156 bde-column\">\n  \n  \n\t\n\n\n\n\n<\/div><div class=\"bde-column-313-159 bde-column\">\n  \n  \n\t\n\n\n\n\n<\/div><\/div><\/div>\n<\/section>","protected":false},"excerpt":{"rendered":"<p>Conoce al equipo Nuestro dedicado personal de la iglesia sirve como el coraz\u00f3n de nuestra congregaci\u00f3n, trabajando juntos para apoyar a nuestra familia de la iglesia y la comunidad. Dirigido por nuestro Ministro Principal, nuestro equipo incluye personas que coordinan los servicios de adoraci\u00f3n, supervisan los ministerios de ni\u00f1os y j\u00f3venes, gestionan las tareas administrativas, y proporcionan atenci\u00f3n pastoral. Steve Meza es el Ministro Principal [...]<\/p>","protected":false},"author":2,"featured_media":0,"parent":0,"menu_order":0,"comment_status":"closed","ping_status":"closed","template":"","meta":{"_piecal_is_recurring":false,"_piecal_recurring_interval":1,"_piecal_recurring_frequency":"","_piecal_recurring_exact_position":false,"_piecal_recurring_end":"","_piecal_color":"","_piecal_text_color":"","_piecal_global_color_master":false,"_piecal_rsets":"[]","_piecal_is_event":false,"_piecal_start_date":"","_piecal_end_date":"","_piecal_is_allday":false,"_breakdance_hide_in_design_set":false,"_breakdance_tags":"","footnotes":""},"class_list":["post-313","page","type-page","status-publish","hentry"],"meta_box":[],"_links":{"self":[{"href":"https:\/\/cornerstonechristiandallas.com\/es\/wp-json\/wp\/v2\/pages\/313","targetHints":{"allow":["GET"]}}],"collection":[{"href":"https:\/\/cornerstonechristiandallas.com\/es\/wp-json\/wp\/v2\/pages"}],"about":[{"href":"https:\/\/cornerstonechristiandallas.com\/es\/wp-json\/wp\/v2\/types\/page"}],"author":[{"embeddable":true,"href":"https:\/\/cornerstonechristiandallas.com\/es\/wp-json\/wp\/v2\/users\/2"}],"replies":[{"embeddable":true,"href":"https:\/\/cornerstonechristiandallas.com\/es\/wp-json\/wp\/v2\/comments?post=313"}],"version-history":[{"count":10,"href":"https:\/\/cornerstonechristiandallas.com\/es\/wp-json\/wp\/v2\/pages\/313\/revisions"}],"predecessor-version":[{"id":365,"href":"https:\/\/cornerstonechristiandallas.com\/es\/wp-json\/wp\/v2\/pages\/313\/revisions\/365"}],"wp:attachment":[{"href":"https:\/\/cornerstonechristiandallas.com\/es\/wp-json\/wp\/v2\/media?parent=313"}],"curies":[{"name":"wp","href":"https:\/\/api.w.org\/{rel}","templated":true}]}}