{"id":352,"date":"2025-02-24T14:34:38","date_gmt":"2025-02-24T14:34:38","guid":{"rendered":"https:\/\/cornerstonechristiandallas.com\/?page_id=352"},"modified":"2025-02-24T14:34:38","modified_gmt":"2025-02-24T14:34:38","slug":"estudio-biblico","status":"publish","type":"page","link":"https:\/\/cornerstonechristiandallas.com\/es\/estudio-biblico\/","title":{"rendered":"Estudio de la Biblia"},"content":{"rendered":"<section class=\"bde-section-352-100 bde-section\">\n  \n  \n\t\n\n\n\n<div class=\"section-container\"><div class=\"bde-image-352-101 bde-image\">\n<figure class=\"breakdance-image breakdance-image--280\">\n\t<div class=\"breakdance-image-container\">\n\t\t<div class=\"breakdance-image-clip\"><img loading=\"lazy\" decoding=\"async\" class=\"breakdance-image-object\" src=\"https:\/\/cornerstonechristiandallas.com\/wp-content\/uploads\/2025\/02\/resize_DSC00336-Exposure.jpg\" width=\"1920\" height=\"1280\" srcset=\"https:\/\/cornerstonechristiandallas.com\/wp-content\/uploads\/2025\/02\/resize_DSC00336-Exposure.jpg 1920w, https:\/\/cornerstonechristiandallas.com\/wp-content\/uploads\/2025\/02\/resize_DSC00336-Exposure-300x200.jpg 300w, https:\/\/cornerstonechristiandallas.com\/wp-content\/uploads\/2025\/02\/resize_DSC00336-Exposure-1024x683.jpg 1024w, https:\/\/cornerstonechristiandallas.com\/wp-content\/uploads\/2025\/02\/resize_DSC00336-Exposure-768x512.jpg 768w, https:\/\/cornerstonechristiandallas.com\/wp-content\/uploads\/2025\/02\/resize_DSC00336-Exposure-1536x1024.jpg 1536w, https:\/\/cornerstonechristiandallas.com\/wp-content\/uploads\/2025\/02\/resize_DSC00336-Exposure-18x12.jpg 18w\" sizes=\"auto, (max-width: 1920px) 100vw, 1920px\"><\/div>\n\t<\/div><\/figure>\n\n<\/div><\/div>\n<\/section><section class=\"bde-section-352-102 bde-section\">\n  \n  \n\t\n\n\n\n<div class=\"section-container\"><div class=\"bde-div-352-103 bde-div\">\n  \n  \n\t\n\n\n\n<h2 class=\"bde-heading-352-104 bde-heading\">\nEstudio de la Biblia\n<\/h2>\n<\/div><\/div>\n<\/section><section class=\"bde-section-352-105 bde-section\">\n  \n  \n\t\n\n\n\n<div class=\"section-container\"><div class=\"bde-columns-352-106 bde-columns\"><div class=\"bde-column-352-107 bde-column\">\n  \n  \n\t\n\n\n\n<h2 class=\"bde-heading-352-109 bde-heading\">\nEstudio b\u00edblico para hombres\n<\/h2><div class=\"bde-rich-text-352-110 bde-rich-text breakdance-rich-text-styles\">\n<p>En\u00a0<strong><u>Estudio b\u00edblico para hombres Desayuno de hermandad<\/u><\/strong>\u00a0generalmente se re\u00fane el tercer s\u00e1bado de cada mes de 8:30 a 10:30 en el Fellowship Hall, donde nos reunimos para desayunar y normalmente vemos y discutimos un breve v\u00eddeo de actualidad (unos 20 minutos).  Tambi\u00e9n tenemos un grupo de estudio b\u00edblico para hombres llamado\u00a0<strong><u>Banda de Hermanos<\/u><\/strong>que se re\u00fane todos los martes por la ma\u00f1ana en una reuni\u00f3n de Zoom a las 6:30 am.  Este es un grupo de hombres que se animan unos a otros a trav\u00e9s de la oraci\u00f3n y el estudio de la Palabra de Dios juntos.  Tambi\u00e9n hay retiros de hombres peri\u00f3dicos en los que los hombres pueden alejarse de sus apretadas agendas y aprender y aplicar la palabra de Dios en sus vidas.<\/p>\n<\/div>\n<\/div><div class=\"bde-column-352-108 bde-column\">\n  \n  \n\t\n\n\n\n<h2 class=\"bde-heading-352-112 bde-heading\">\nEstudio b\u00edblico para mujeres\n<\/h2><div class=\"bde-rich-text-352-111 bde-rich-text breakdance-rich-text-styles\">\n<p>El Estudio B\u00edblico Femenino ofrece la oportunidad de aprender m\u00e1s sobre la palabra de Dios en la iglesia, as\u00ed como en entornos dom\u00e9sticos acogedores, con grupos de tarde y de ma\u00f1ana que se re\u00fanen cada semana durante el oto\u00f1o y la primavera.  Los grupos de Estudio B\u00edblico trabajan juntos en proyectos o eventos que apoyan y benefician a la iglesia, a nuestra gente y a la comunidad.  Vea el bolet\u00edn para los estudios tem\u00e1ticos espec\u00edficos y horarios.<\/p>\n<\/div>\n<\/div><\/div><\/div>\n<\/section>","protected":false},"excerpt":{"rendered":"<p>Estudio Biblico Estudio Biblico de Hombres El Desayuno de Compa\u00f1erismo del Estudio Biblico de Hombres generalmente se reune el tercer Sabado de cada mes de 8:30 a 10:30 en el Salon de Compa\u00f1erismo, donde tenemos compa\u00f1erismo durante el desayuno y usualmente vemos y discutimos un video corto de tema (alrededor de 20 minutos).  Tambi\u00e9n tenemos un grupo de estudio b\u00edblico para hombres llamado [...]<\/p>","protected":false},"author":2,"featured_media":0,"parent":0,"menu_order":0,"comment_status":"closed","ping_status":"closed","template":"","meta":{"_piecal_is_recurring":false,"_piecal_recurring_interval":1,"_piecal_recurring_frequency":"","_piecal_recurring_exact_position":false,"_piecal_recurring_end":"","_piecal_color":"","_piecal_text_color":"","_piecal_global_color_master":false,"_piecal_rsets":"[]","_piecal_is_event":false,"_piecal_start_date":"","_piecal_end_date":"","_piecal_is_allday":false,"_breakdance_hide_in_design_set":false,"_breakdance_tags":"","footnotes":""},"class_list":["post-352","page","type-page","status-publish","hentry"],"meta_box":[],"_links":{"self":[{"href":"https:\/\/cornerstonechristiandallas.com\/es\/wp-json\/wp\/v2\/pages\/352","targetHints":{"allow":["GET"]}}],"collection":[{"href":"https:\/\/cornerstonechristiandallas.com\/es\/wp-json\/wp\/v2\/pages"}],"about":[{"href":"https:\/\/cornerstonechristiandallas.com\/es\/wp-json\/wp\/v2\/types\/page"}],"author":[{"embeddable":true,"href":"https:\/\/cornerstonechristiandallas.com\/es\/wp-json\/wp\/v2\/users\/2"}],"replies":[{"embeddable":true,"href":"https:\/\/cornerstonechristiandallas.com\/es\/wp-json\/wp\/v2\/comments?post=352"}],"version-history":[{"count":3,"href":"https:\/\/cornerstonechristiandallas.com\/es\/wp-json\/wp\/v2\/pages\/352\/revisions"}],"predecessor-version":[{"id":355,"href":"https:\/\/cornerstonechristiandallas.com\/es\/wp-json\/wp\/v2\/pages\/352\/revisions\/355"}],"wp:attachment":[{"href":"https:\/\/cornerstonechristiandallas.com\/es\/wp-json\/wp\/v2\/media?parent=352"}],"curies":[{"name":"wp","href":"https:\/\/api.w.org\/{rel}","templated":true}]}}