{"id":434,"date":"2025-03-01T23:01:49","date_gmt":"2025-03-01T23:01:49","guid":{"rendered":"https:\/\/cornerstonechristiandallas.com\/?page_id=434"},"modified":"2025-03-01T23:38:07","modified_gmt":"2025-03-01T23:38:07","slug":"acerca-de-cornerstone","status":"publish","type":"page","link":"https:\/\/cornerstonechristiandallas.com\/es\/acerca-de-cornerstone\/","title":{"rendered":"Acerca de Cornerstone"},"content":{"rendered":"<section class=\"bde-section-434-100 bde-section\">\n  \n  \n\t\n\n\n\n<div class=\"section-container\"><div class=\"bde-image-434-101 bde-image\">\n<figure class=\"breakdance-image breakdance-image--445\">\n\t<div class=\"breakdance-image-container\">\n\t\t<div class=\"breakdance-image-clip\"><img loading=\"lazy\" decoding=\"async\" class=\"breakdance-image-object\" src=\"https:\/\/cornerstonechristiandallas.com\/wp-content\/uploads\/2025\/03\/IMG_7725.png\" width=\"2778\" height=\"1284\" srcset=\"https:\/\/cornerstonechristiandallas.com\/wp-content\/uploads\/2025\/03\/IMG_7725.png 2778w, https:\/\/cornerstonechristiandallas.com\/wp-content\/uploads\/2025\/03\/IMG_7725-300x139.png 300w, https:\/\/cornerstonechristiandallas.com\/wp-content\/uploads\/2025\/03\/IMG_7725-1024x473.png 1024w, https:\/\/cornerstonechristiandallas.com\/wp-content\/uploads\/2025\/03\/IMG_7725-768x355.png 768w, https:\/\/cornerstonechristiandallas.com\/wp-content\/uploads\/2025\/03\/IMG_7725-1536x710.png 1536w, https:\/\/cornerstonechristiandallas.com\/wp-content\/uploads\/2025\/03\/IMG_7725-2048x947.png 2048w, https:\/\/cornerstonechristiandallas.com\/wp-content\/uploads\/2025\/03\/IMG_7725-18x8.png 18w\" sizes=\"auto, (max-width: 2778px) 100vw, 2778px\"><\/div>\n\t<\/div><\/figure>\n\n<\/div><\/div>\n<\/section><section class=\"bde-section-434-102 bde-section\">\n  \n  \n\t\n\n\n\n<div class=\"section-container\"><div class=\"bde-div-434-103 bde-div\">\n  \n  \n\t\n\n\n\n<h2 class=\"bde-heading-434-104 bde-heading\">\nAcerca de Cornerstone\n<\/h2>\n<\/div><\/div>\n<\/section><section class=\"bde-section-434-108 bde-section\">\n  \n  \n\t\n\n\n\n<div class=\"section-container\"><div class=\"bde-text-434-109 bde-text\">\n\n<\/div><div class=\"bde-columns-434-110 bde-columns\"><div class=\"bde-column-434-111 bde-column\">\n  \n  \n\t\n\n\n\n<div class=\"bde-rich-text-434-112 bde-rich-text breakdance-rich-text-styles\">\n<p class=\"p1\">Situado en Farmers Branch, Texas, un suburbio de Dallas, Cornerstone Christian Church se basa en la Biblia y contin\u00faa su misi\u00f3n de transformar el mundo con la Palabra de Dios ... una vida a la vez. Las misiones se han convertido en un objetivo fundamental de nuestra iglesia, ya que apoyamos el trabajo de muchos esfuerzos misioneros cristianos locales, nacionales e internacionales con 50% de los fondos generales de nuestra iglesia.<\/p><p class=\"p1\">Como una comunidad de iglesia multigeneracional y multicultural, satisfacemos las necesidades a trav\u00e9s de una variedad de experiencias de adoraci\u00f3n multiling\u00fce, Escuela Dominical y opciones de discipulado, oportunidades de misi\u00f3n, compa\u00f1erismo y eventos de alcance. Siempre hay algo sucediendo en Cornerstone, \u00a1y nos encantar\u00eda ayudarle a conectarse!<\/p><p class=\"p4\">Cornerstone fue fundada en 2005 por un grupo de cristianos en Dallas, Texas que estaban fuertemente comprometidos con la construcci\u00f3n de una comunidad de la iglesia, la difusi\u00f3n de la Palabra de Dios y mediante el apoyo a los misioneros. Comenzamos Cornerstone tanto con las comunidades circundantes, as\u00ed como el mundo entero en mente mientras busc\u00e1bamos la gu\u00eda de Dios para glorificarlo y compartir Su Palabra.<\/p><p class=\"p4\">Nuestros servicios del domingo por la ma\u00f1ana son en ingl\u00e9s y espa\u00f1ol con auriculares de traducci\u00f3n simult\u00e1nea sincronizada. Ofrecemos servicio de Comuni\u00f3n abierta semanalmente a todos los creyentes, y <span class=\"s1\">creemos en el bautismo por inmersi\u00f3n siguiendo los pasos y el ejemplo de nuestro Se\u00f1or Jesucristo.<\/span><\/p><p class=\"p7\">Por favor, consulte otras pesta\u00f1as del sitio web con informaci\u00f3n sobre nuestras muchas oportunidades de estudios b\u00edblicos, eventos, voluntariado de muchas maneras.<\/p>\n<\/div>\n<\/div><div class=\"bde-column-434-113 bde-column\">\n  \n  \n\t\n\n\n\n<img decoding=\"async\" class=\"bde-image2-434-114 bde-image2\" src=\"https:\/\/cornerstonechristiandallas.com\/wp-content\/uploads\/2025\/03\/IMG_6026-scaled.jpeg\" loading=\"lazy\" srcset=\"https:\/\/cornerstonechristiandallas.com\/wp-content\/uploads\/2025\/03\/IMG_6026-scaled.jpeg 1920w, https:\/\/cornerstonechristiandallas.com\/wp-content\/uploads\/2025\/03\/IMG_6026-225x300.jpeg 225w, https:\/\/cornerstonechristiandallas.com\/wp-content\/uploads\/2025\/03\/IMG_6026-768x1024.jpeg 768w, https:\/\/cornerstonechristiandallas.com\/wp-content\/uploads\/2025\/03\/IMG_6026-1152x1536.jpeg 1152w, https:\/\/cornerstonechristiandallas.com\/wp-content\/uploads\/2025\/03\/IMG_6026-1536x2048.jpeg 1536w, https:\/\/cornerstonechristiandallas.com\/wp-content\/uploads\/2025\/03\/IMG_6026-9x12.jpeg 9w\" sizes=\"(max-width: 1920px) 100vw, 1920px\"><img decoding=\"async\" class=\"bde-image2-434-117 bde-image2\" src=\"https:\/\/cornerstonechristiandallas.com\/wp-content\/uploads\/2025\/02\/resize_DSC00299-Exposure.jpg\" loading=\"lazy\" srcset=\"https:\/\/cornerstonechristiandallas.com\/wp-content\/uploads\/2025\/02\/resize_DSC00299-Exposure.jpg 1920w, https:\/\/cornerstonechristiandallas.com\/wp-content\/uploads\/2025\/02\/resize_DSC00299-Exposure-300x200.jpg 300w, https:\/\/cornerstonechristiandallas.com\/wp-content\/uploads\/2025\/02\/resize_DSC00299-Exposure-1024x683.jpg 1024w, https:\/\/cornerstonechristiandallas.com\/wp-content\/uploads\/2025\/02\/resize_DSC00299-Exposure-768x512.jpg 768w, https:\/\/cornerstonechristiandallas.com\/wp-content\/uploads\/2025\/02\/resize_DSC00299-Exposure-1536x1024.jpg 1536w, https:\/\/cornerstonechristiandallas.com\/wp-content\/uploads\/2025\/02\/resize_DSC00299-Exposure-18x12.jpg 18w\" sizes=\"(max-width: 1920px) 100vw, 1920px\"><img decoding=\"async\" class=\"bde-image2-434-115 bde-image2\" src=\"https:\/\/cornerstonechristiandallas.com\/wp-content\/uploads\/2025\/02\/resize_DSC00289-Exposure.jpg\" loading=\"lazy\" srcset=\"https:\/\/cornerstonechristiandallas.com\/wp-content\/uploads\/2025\/02\/resize_DSC00289-Exposure.jpg 1920w, https:\/\/cornerstonechristiandallas.com\/wp-content\/uploads\/2025\/02\/resize_DSC00289-Exposure-300x200.jpg 300w, https:\/\/cornerstonechristiandallas.com\/wp-content\/uploads\/2025\/02\/resize_DSC00289-Exposure-1024x683.jpg 1024w, https:\/\/cornerstonechristiandallas.com\/wp-content\/uploads\/2025\/02\/resize_DSC00289-Exposure-768x512.jpg 768w, https:\/\/cornerstonechristiandallas.com\/wp-content\/uploads\/2025\/02\/resize_DSC00289-Exposure-1536x1024.jpg 1536w, https:\/\/cornerstonechristiandallas.com\/wp-content\/uploads\/2025\/02\/resize_DSC00289-Exposure-18x12.jpg 18w\" sizes=\"(max-width: 1920px) 100vw, 1920px\"><img decoding=\"async\" class=\"bde-image2-434-116 bde-image2\" src=\"https:\/\/cornerstonechristiandallas.com\/wp-content\/uploads\/2025\/02\/resize_DSC00306-Exposure.jpg\" loading=\"lazy\" srcset=\"https:\/\/cornerstonechristiandallas.com\/wp-content\/uploads\/2025\/02\/resize_DSC00306-Exposure.jpg 1920w, https:\/\/cornerstonechristiandallas.com\/wp-content\/uploads\/2025\/02\/resize_DSC00306-Exposure-300x200.jpg 300w, https:\/\/cornerstonechristiandallas.com\/wp-content\/uploads\/2025\/02\/resize_DSC00306-Exposure-1024x683.jpg 1024w, https:\/\/cornerstonechristiandallas.com\/wp-content\/uploads\/2025\/02\/resize_DSC00306-Exposure-768x512.jpg 768w, https:\/\/cornerstonechristiandallas.com\/wp-content\/uploads\/2025\/02\/resize_DSC00306-Exposure-1536x1024.jpg 1536w, https:\/\/cornerstonechristiandallas.com\/wp-content\/uploads\/2025\/02\/resize_DSC00306-Exposure-18x12.jpg 18w\" sizes=\"(max-width: 1920px) 100vw, 1920px\">\n<\/div><\/div><\/div>\n<\/section>","protected":false},"excerpt":{"rendered":"<p>Acerca de Cornerstone Situado en Farmers Branch, Texas, un suburbio de Dallas, Cornerstone Christian Church se basa en la Biblia y contin\u00faa su misi\u00f3n de transformar el mundo con la Palabra de Dios ... una vida a la vez. Las misiones se han convertido en un objetivo fundamental de nuestra iglesia, ya que apoyamos el trabajo de muchos [...]<\/p>","protected":false},"author":2,"featured_media":0,"parent":0,"menu_order":0,"comment_status":"closed","ping_status":"closed","template":"","meta":{"_piecal_is_recurring":false,"_piecal_recurring_interval":1,"_piecal_recurring_frequency":"","_piecal_recurring_exact_position":false,"_piecal_recurring_end":"","_piecal_color":"","_piecal_text_color":"","_piecal_global_color_master":false,"_piecal_rsets":"[]","_piecal_is_event":false,"_piecal_start_date":"","_piecal_end_date":"","_piecal_is_allday":false,"_breakdance_hide_in_design_set":false,"_breakdance_tags":"","footnotes":""},"class_list":["post-434","page","type-page","status-publish","hentry"],"meta_box":[],"_links":{"self":[{"href":"https:\/\/cornerstonechristiandallas.com\/es\/wp-json\/wp\/v2\/pages\/434","targetHints":{"allow":["GET"]}}],"collection":[{"href":"https:\/\/cornerstonechristiandallas.com\/es\/wp-json\/wp\/v2\/pages"}],"about":[{"href":"https:\/\/cornerstonechristiandallas.com\/es\/wp-json\/wp\/v2\/types\/page"}],"author":[{"embeddable":true,"href":"https:\/\/cornerstonechristiandallas.com\/es\/wp-json\/wp\/v2\/users\/2"}],"replies":[{"embeddable":true,"href":"https:\/\/cornerstonechristiandallas.com\/es\/wp-json\/wp\/v2\/comments?post=434"}],"version-history":[{"count":6,"href":"https:\/\/cornerstonechristiandallas.com\/es\/wp-json\/wp\/v2\/pages\/434\/revisions"}],"predecessor-version":[{"id":446,"href":"https:\/\/cornerstonechristiandallas.com\/es\/wp-json\/wp\/v2\/pages\/434\/revisions\/446"}],"wp:attachment":[{"href":"https:\/\/cornerstonechristiandallas.com\/es\/wp-json\/wp\/v2\/media?parent=434"}],"curies":[{"name":"wp","href":"https:\/\/api.w.org\/{rel}","templated":true}]}}